{"id":18953,"date":"2024-01-31T16:00:43","date_gmt":"2024-01-31T15:00:43","guid":{"rendered":"https:\/\/www.d-edge.com\/d-agency\/"},"modified":"2024-06-27T10:30:07","modified_gmt":"2024-06-27T09:30:07","slug":"agency","status":"publish","type":"page","link":"https:\/\/www.d-edge.com\/cs\/agency\/","title":{"rendered":"D-EDGE Agency"},"content":{"rendered":"<p><span data-sheets-root=\"1\" data-sheets-value=\"{&quot;1&quot;:2,&quot;2&quot;:&quot;Pom\u00e1h\u00e1me hotelov\u00fdm skupin\u00e1m a \u0159et\u011bzc\u016fm zlep\u0161it v\u00fdkonnost jejich digit\u00e1ln\u00ed strategie.&quot;}\" data-sheets-userformat=\"{&quot;2&quot;:4867,&quot;3&quot;:{&quot;1&quot;:0},&quot;4&quot;:{&quot;1&quot;:2,&quot;2&quot;:16777215},&quot;11&quot;:4,&quot;12&quot;:0,&quot;15&quot;:&quot;Montserrat&quot;}\">Pom\u00e1h\u00e1me hotelov\u00fdm skupin\u00e1m a \u0159et\u011bzc\u016fm zlep\u0161it v\u00fdkonnost jejich digit\u00e1ln\u00ed strategie.<\/span><\/p>\n","protected":false},"excerpt":{"rendered":"<p>Pom\u00e1h\u00e1me hotelov\u00fdm skupin\u00e1m a \u0159et\u011bzc\u016fm zlep\u0161it v\u00fdkonnost jejich digit\u00e1ln\u00ed strategie.<\/p>\n","protected":false},"author":5,"featured_media":0,"parent":0,"menu_order":0,"comment_status":"closed","ping_status":"closed","template":"tpl-builder\/tpl-builder.php","meta":{"footnotes":""},"class_list":["post-18953","page","type-page","status-publish","hentry"],"_links":{"self":[{"href":"https:\/\/www.d-edge.com\/cs\/wp-json\/wp\/v2\/pages\/18953"}],"collection":[{"href":"https:\/\/www.d-edge.com\/cs\/wp-json\/wp\/v2\/pages"}],"about":[{"href":"https:\/\/www.d-edge.com\/cs\/wp-json\/wp\/v2\/types\/page"}],"author":[{"embeddable":true,"href":"https:\/\/www.d-edge.com\/cs\/wp-json\/wp\/v2\/users\/5"}],"replies":[{"embeddable":true,"href":"https:\/\/www.d-edge.com\/cs\/wp-json\/wp\/v2\/comments?post=18953"}],"version-history":[{"count":0,"href":"https:\/\/www.d-edge.com\/cs\/wp-json\/wp\/v2\/pages\/18953\/revisions"}],"wp:attachment":[{"href":"https:\/\/www.d-edge.com\/cs\/wp-json\/wp\/v2\/media?parent=18953"}],"curies":[{"name":"wp","href":"https:\/\/api.w.org\/{rel}","templated":true}]}}