{"id":1942,"date":"2019-01-21T16:20:52","date_gmt":"2019-01-21T15:20:52","guid":{"rendered":"http:\/\/www.d-edge.com\/connected-partners\/"},"modified":"2020-03-27T17:37:33","modified_gmt":"2020-03-27T16:37:33","slug":"napojeni-partneri","status":"publish","type":"page","link":"https:\/\/www.d-edge.com\/cs\/napojeni-partneri\/","title":{"rendered":"Napojen\u00ed partne\u0159i"},"content":{"rendered":"<p>V D-EDGE v\u011b\u0159\u00edme, \u017ee by hoteli\u00e9\u0159i m\u011bli maxim\u00e1ln\u011b vyu\u017e\u00edvat nov\u00e9 technologie a slu\u017eby, aby zv\u00fd\u0161ili sv\u00e9 p\u0159\u00edjmy.<\/p>\n<p>Proto pracujeme s rozs\u00e1hl\u00fdm a navz\u00e1jem propojen\u00fdm hotelov\u00fdm ekosyst\u00e9mem. Po\u010det na\u0161ich p\u0159ipojen\u00fdch partner\u016f se ka\u017ed\u00fdm dnem zvy\u0161uje.<\/p>\n","protected":false},"excerpt":{"rendered":"<p>V D-EDGE v\u011b\u0159\u00edme, \u017ee by hoteli\u00e9\u0159i m\u011bli maxim\u00e1ln\u011b vyu\u017e\u00edvat nov\u00e9 technologie a slu\u017eby, aby zv\u00fd\u0161ili sv\u00e9 p\u0159\u00edjmy. Proto pracujeme s rozs\u00e1hl\u00fdm a navz\u00e1jem propojen\u00fdm hotelov\u00fdm ekosyst\u00e9mem. Po\u010det na\u0161ich p\u0159ipojen\u00fdch partner\u016f se ka\u017ed\u00fdm dnem zvy\u0161uje.<\/p>\n","protected":false},"author":3,"featured_media":0,"parent":0,"menu_order":0,"comment_status":"closed","ping_status":"closed","template":"tpl-partner-list\/tpl-partner-list.php","meta":{"footnotes":""},"class_list":["post-1942","page","type-page","status-publish","hentry"],"_links":{"self":[{"href":"https:\/\/www.d-edge.com\/cs\/wp-json\/wp\/v2\/pages\/1942"}],"collection":[{"href":"https:\/\/www.d-edge.com\/cs\/wp-json\/wp\/v2\/pages"}],"about":[{"href":"https:\/\/www.d-edge.com\/cs\/wp-json\/wp\/v2\/types\/page"}],"author":[{"embeddable":true,"href":"https:\/\/www.d-edge.com\/cs\/wp-json\/wp\/v2\/users\/3"}],"replies":[{"embeddable":true,"href":"https:\/\/www.d-edge.com\/cs\/wp-json\/wp\/v2\/comments?post=1942"}],"version-history":[{"count":0,"href":"https:\/\/www.d-edge.com\/cs\/wp-json\/wp\/v2\/pages\/1942\/revisions"}],"wp:attachment":[{"href":"https:\/\/www.d-edge.com\/cs\/wp-json\/wp\/v2\/media?parent=1942"}],"curies":[{"name":"wp","href":"https:\/\/api.w.org\/{rel}","templated":true}]}}