{"id":2009,"date":"2019-01-30T16:20:30","date_gmt":"2019-01-30T15:20:30","guid":{"rendered":"http:\/\/www.d-edge.com\/our-offices\/"},"modified":"2023-03-27T10:51:29","modified_gmt":"2023-03-27T09:51:29","slug":"nase-hlavni-pobocky","status":"publish","type":"page","link":"https:\/\/www.d-edge.com\/cs\/nase-hlavni-pobocky\/","title":{"rendered":"Na\u0161e hlavn\u00ed pobo\u010dky"},"content":{"rendered":"<p>D\u00edky siln\u00e9mu m\u00edstn\u00edmu zastoupen\u00ed, m\u016f\u017eeme sv\u00e9 slu\u017eby nab\u00edzet 17 000 z\u00e1kazn\u00edk\u016f ze 150 zem\u00edch a poskytovat jim v dan\u00e9zemi p\u0159izp\u016fsoben\u00e9 produkty i podporu.<\/p>\n","protected":false},"excerpt":{"rendered":"<p>D\u00edky siln\u00e9mu m\u00edstn\u00edmu zastoupen\u00ed, m\u016f\u017eeme sv\u00e9 slu\u017eby nab\u00edzet 17 000 z\u00e1kazn\u00edk\u016f ze 150 zem\u00edch a poskytovat jim v dan\u00e9zemi p\u0159izp\u016fsoben\u00e9 produkty i podporu.<\/p>\n","protected":false},"author":3,"featured_media":0,"parent":0,"menu_order":0,"comment_status":"closed","ping_status":"closed","template":"tpl-our-offices\/tpl-our-offices.php","meta":{"footnotes":""},"class_list":["post-2009","page","type-page","status-publish","hentry"],"_links":{"self":[{"href":"https:\/\/www.d-edge.com\/cs\/wp-json\/wp\/v2\/pages\/2009"}],"collection":[{"href":"https:\/\/www.d-edge.com\/cs\/wp-json\/wp\/v2\/pages"}],"about":[{"href":"https:\/\/www.d-edge.com\/cs\/wp-json\/wp\/v2\/types\/page"}],"author":[{"embeddable":true,"href":"https:\/\/www.d-edge.com\/cs\/wp-json\/wp\/v2\/users\/3"}],"replies":[{"embeddable":true,"href":"https:\/\/www.d-edge.com\/cs\/wp-json\/wp\/v2\/comments?post=2009"}],"version-history":[{"count":0,"href":"https:\/\/www.d-edge.com\/cs\/wp-json\/wp\/v2\/pages\/2009\/revisions"}],"wp:attachment":[{"href":"https:\/\/www.d-edge.com\/cs\/wp-json\/wp\/v2\/media?parent=2009"}],"curies":[{"name":"wp","href":"https:\/\/api.w.org\/{rel}","templated":true}]}}