{"id":2216,"date":"2019-04-18T15:28:57","date_gmt":"2019-04-18T14:28:57","guid":{"rendered":"http:\/\/www.d-edge.com\/how-online-hotel-distribution-is-changing-in-europe\/"},"modified":"2019-11-22T16:15:10","modified_gmt":"2019-11-22T15:15:10","slug":"jak-se-meni-online-distribuce-hotelu","status":"publish","type":"page","link":"https:\/\/www.d-edge.com\/cs\/jak-se-meni-online-distribuce-hotelu\/","title":{"rendered":"JAK SE V EVROP\u011a M\u011aN\u00cd ONLINE DISTRIBUCE HOTEL\u016e"},"content":{"rendered":"<p><span style=\"font-weight: 400;\">Podm\u00ednky distribuce hotel\u016f jsou \u010dasto popisov\u00e1ny jako duopol spole\u010dnost\u00ed Booking a Expedia, ale my to vid\u00edme trochu jinak. I kdy\u017e skute\u010dn\u011b ovl\u00e1daj\u00ed zna\u010dn\u011b velk\u00fd tr\u017en\u00ed pod\u00edl, ve skute\u010dnosti existuj\u00ed dal\u0161\u00ed kan\u00e1ly, kter\u00e9 hoteli\u00e9\u0159i \u00fasp\u011b\u0161n\u011b ovl\u00e1daj\u00ed.<\/span><\/p>\n<p><span style=\"font-weight: 400;\"><br \/>\n<\/span><span style=\"font-weight: 400;\">Po stovk\u00e1ch hodin analyzov\u00e1n\u00ed posledn\u00edch p\u011bti let v distribuci hotel\u016f nap\u0159\u00ed\u010d na\u0161\u00ed klientskou z\u00e1kladnou jsme vypracovali zpr\u00e1vu, kter\u00e1 by m\u011bla osv\u011btlit, jak se distribuce vyvinula a, doufejme, \u017ee by mohla inspirovat hoteli\u00e9ry, jak ji optimalizovat.<br \/>\n<\/span><\/p>\n<p>&nbsp;<\/p>\n","protected":false},"excerpt":{"rendered":"<p>Podm\u00ednky distribuce hotel\u016f jsou \u010dasto popisov\u00e1ny jako duopol spole\u010dnost\u00ed Booking a Expedia, ale my to vid\u00edme trochu jinak. I kdy\u017e skute\u010dn\u011b ovl\u00e1daj\u00ed zna\u010dn\u011b velk\u00fd tr\u017en\u00ed pod\u00edl, ve skute\u010dnosti existuj\u00ed dal\u0161\u00ed kan\u00e1ly, kter\u00e9 hoteli\u00e9\u0159i \u00fasp\u011b\u0161n\u011b ovl\u00e1daj\u00ed. Po stovk\u00e1ch hodin analyzov\u00e1n\u00ed posledn\u00edch p\u011bti let v distribuci hotel\u016f nap\u0159\u00ed\u010d na\u0161\u00ed klientskou z\u00e1kladnou jsme vypracovali zpr\u00e1vu, kter\u00e1 by m\u011bla [&hellip;]<\/p>\n","protected":false},"author":10,"featured_media":0,"parent":0,"menu_order":0,"comment_status":"closed","ping_status":"closed","template":"tpl-builder\/tpl-builder.php","meta":{"footnotes":""},"class_list":["post-2216","page","type-page","status-publish","hentry"],"_links":{"self":[{"href":"https:\/\/www.d-edge.com\/cs\/wp-json\/wp\/v2\/pages\/2216"}],"collection":[{"href":"https:\/\/www.d-edge.com\/cs\/wp-json\/wp\/v2\/pages"}],"about":[{"href":"https:\/\/www.d-edge.com\/cs\/wp-json\/wp\/v2\/types\/page"}],"author":[{"embeddable":true,"href":"https:\/\/www.d-edge.com\/cs\/wp-json\/wp\/v2\/users\/10"}],"replies":[{"embeddable":true,"href":"https:\/\/www.d-edge.com\/cs\/wp-json\/wp\/v2\/comments?post=2216"}],"version-history":[{"count":0,"href":"https:\/\/www.d-edge.com\/cs\/wp-json\/wp\/v2\/pages\/2216\/revisions"}],"wp:attachment":[{"href":"https:\/\/www.d-edge.com\/cs\/wp-json\/wp\/v2\/media?parent=2216"}],"curies":[{"name":"wp","href":"https:\/\/api.w.org\/{rel}","templated":true}]}}