{"id":24361,"date":"2025-09-03T21:45:05","date_gmt":"2025-09-03T20:45:05","guid":{"rendered":"https:\/\/www.d-edge.com\/?page_id=24361"},"modified":"2025-09-05T15:40:42","modified_gmt":"2025-09-05T14:40:42","slug":"2026-konsorcia-tmc-pruvodce","status":"publish","type":"page","link":"https:\/\/www.d-edge.com\/cs\/2026-konsorcia-tmc-pruvodce\/","title":{"rendered":"Kompletn\u00ed pr\u016fvodce hoteli\u00e9ra, jak usp\u011bt v sez\u00f3n\u011b 2026 v konsorciu"},"content":{"rendered":"<p style=\"text-align: center;\">Jste p\u0159ipraveni na to, aby byl rok 2026 va\u0161\u00edm nejsiln\u011bj\u0161\u00edm rokem? V t\u00e9to p\u0159\u00edru\u010dce se dozv\u00edte, jak\u00e9 jsou k dispozici nejv\u00fdznamn\u011bj\u0161\u00ed programy konsorci\u00ed a spole\u010dnost\u00ed pro spr\u00e1vu cest (TMC), co nab\u00edzej\u00ed a jak\u00e9 v\u00fdhody mohou p\u0159in\u00e9st va\u0161emu majetku prost\u0159ednictv\u00edm syst\u00e9mu GDS.<\/p>\n","protected":false},"excerpt":{"rendered":"<p>Jste p\u0159ipraveni na to, aby byl rok 2026 va\u0161\u00edm nejsiln\u011bj\u0161\u00edm rokem? V t\u00e9to p\u0159\u00edru\u010dce se dozv\u00edte, jak\u00e9 jsou k dispozici nejv\u00fdznamn\u011bj\u0161\u00ed programy konsorci\u00ed a spole\u010dnost\u00ed pro spr\u00e1vu cest (TMC), co nab\u00edzej\u00ed a jak\u00e9 v\u00fdhody mohou p\u0159in\u00e9st va\u0161emu majetku prost\u0159ednictv\u00edm syst\u00e9mu GDS.<\/p>\n","protected":false},"author":5,"featured_media":24274,"parent":0,"menu_order":0,"comment_status":"closed","ping_status":"closed","template":"tpl-builder\/tpl-builder.php","meta":{"footnotes":""},"class_list":["post-24361","page","type-page","status-publish","has-post-thumbnail","hentry"],"_links":{"self":[{"href":"https:\/\/www.d-edge.com\/cs\/wp-json\/wp\/v2\/pages\/24361"}],"collection":[{"href":"https:\/\/www.d-edge.com\/cs\/wp-json\/wp\/v2\/pages"}],"about":[{"href":"https:\/\/www.d-edge.com\/cs\/wp-json\/wp\/v2\/types\/page"}],"author":[{"embeddable":true,"href":"https:\/\/www.d-edge.com\/cs\/wp-json\/wp\/v2\/users\/5"}],"replies":[{"embeddable":true,"href":"https:\/\/www.d-edge.com\/cs\/wp-json\/wp\/v2\/comments?post=24361"}],"version-history":[{"count":0,"href":"https:\/\/www.d-edge.com\/cs\/wp-json\/wp\/v2\/pages\/24361\/revisions"}],"wp:featuredmedia":[{"embeddable":true,"href":"https:\/\/www.d-edge.com\/cs\/wp-json\/wp\/v2\/media\/24274"}],"wp:attachment":[{"href":"https:\/\/www.d-edge.com\/cs\/wp-json\/wp\/v2\/media?parent=24361"}],"curies":[{"name":"wp","href":"https:\/\/api.w.org\/{rel}","templated":true}]}}