{"id":4025,"date":"2019-09-10T14:40:25","date_gmt":"2019-09-10T13:40:25","guid":{"rendered":"http:\/\/www.d-edge.com\/webinars\/"},"modified":"2019-10-04T17:18:49","modified_gmt":"2019-10-04T16:18:49","slug":"webinar","status":"publish","type":"page","link":"https:\/\/www.d-edge.com\/cs\/webinar\/","title":{"rendered":"Webin\u00e1\u0159"},"content":{"rendered":"<p>D-EDGE nab\u00edz\u00ed bezplatn\u00e9 webin\u00e1\u0159e k t\u00e9mat\u016fm relevantn\u00edm pro hoteli\u00e9ry. Za necelou hodinu se m\u016f\u017eete dozv\u011bd\u011bt o t\u00e9matech, kter\u00e1 jsou pro v\u00e1s d\u016fle\u017eit\u00e1. Na\u0161i experti v\u00e1m daj\u00ed tipy a odpov\u011bdi na v\u0161echny va\u0161e ot\u00e1zky.<\/p>\n","protected":false},"excerpt":{"rendered":"<p>D-EDGE nab\u00edz\u00ed bezplatn\u00e9 webin\u00e1\u0159e k t\u00e9mat\u016fm relevantn\u00edm pro hoteli\u00e9ry. Za necelou hodinu se m\u016f\u017eete dozv\u011bd\u011bt o t\u00e9matech, kter\u00e1 jsou pro v\u00e1s d\u016fle\u017eit\u00e1. Na\u0161i experti v\u00e1m daj\u00ed tipy a odpov\u011bdi na v\u0161echny va\u0161e ot\u00e1zky.<\/p>\n","protected":false},"author":5,"featured_media":3461,"parent":0,"menu_order":0,"comment_status":"closed","ping_status":"closed","template":"tpl-list-webinar\/tpl-list-webinar.php","meta":{"footnotes":""},"class_list":["post-4025","page","type-page","status-publish","has-post-thumbnail","hentry"],"_links":{"self":[{"href":"https:\/\/www.d-edge.com\/cs\/wp-json\/wp\/v2\/pages\/4025"}],"collection":[{"href":"https:\/\/www.d-edge.com\/cs\/wp-json\/wp\/v2\/pages"}],"about":[{"href":"https:\/\/www.d-edge.com\/cs\/wp-json\/wp\/v2\/types\/page"}],"author":[{"embeddable":true,"href":"https:\/\/www.d-edge.com\/cs\/wp-json\/wp\/v2\/users\/5"}],"replies":[{"embeddable":true,"href":"https:\/\/www.d-edge.com\/cs\/wp-json\/wp\/v2\/comments?post=4025"}],"version-history":[{"count":0,"href":"https:\/\/www.d-edge.com\/cs\/wp-json\/wp\/v2\/pages\/4025\/revisions"}],"wp:featuredmedia":[{"embeddable":true,"href":"https:\/\/www.d-edge.com\/cs\/wp-json\/wp\/v2\/media\/3461"}],"wp:attachment":[{"href":"https:\/\/www.d-edge.com\/cs\/wp-json\/wp\/v2\/media?parent=4025"}],"curies":[{"name":"wp","href":"https:\/\/api.w.org\/{rel}","templated":true}]}}