{"id":8915,"date":"2021-05-14T16:19:22","date_gmt":"2021-05-14T15:19:22","guid":{"rendered":"https:\/\/www.d-edge.com\/mediagenius\/"},"modified":"2025-02-26T17:28:48","modified_gmt":"2025-02-26T16:28:48","slug":"mediagenius","status":"publish","type":"page","link":"https:\/\/www.d-edge.com\/cs\/mediagenius\/","title":{"rendered":"MediaGenius"},"content":{"rendered":"<p>Se slu\u017ebou MediaGenius z\u00edsk\u00e1te inovativn\u00ed n\u00e1stroj v\u0161e v jednom, kter\u00fd byl vyvinut speci\u00e1ln\u011b pro pot\u0159eby profesion\u00e1l\u016f v ubytovac\u00edch slu\u017eb\u00e1ch. Sta\u010d\u00ed p\u00e1r kliknut\u00ed a budete moci vytv\u00e1\u0159et multimedi\u00e1ln\u00ed kampan\u011b, sledovat, jak si vedete, centralizovat sv\u016fj rozpo\u010det na m\u00e9dia, dosahovat vy\u0161\u0161\u00edch zisk\u016f a reaktivity a v neposledn\u00ed \u0159ad\u011b p\u0159il\u00e1k\u00e1te v\u00edce p\u0159\u00edm\u00fdch z\u00e1kazn\u00edk\u016f na sv\u016fj web.<\/p>\n","protected":false},"excerpt":{"rendered":"<p>Se slu\u017ebou MediaGenius z\u00edsk\u00e1te inovativn\u00ed n\u00e1stroj v\u0161e v jednom, kter\u00fd byl vyvinut speci\u00e1ln\u011b pro pot\u0159eby profesion\u00e1l\u016f v ubytovac\u00edch slu\u017eb\u00e1ch. Sta\u010d\u00ed p\u00e1r kliknut\u00ed a budete moci vytv\u00e1\u0159et multimedi\u00e1ln\u00ed kampan\u011b, sledovat, jak si vedete, centralizovat sv\u016fj rozpo\u010det na m\u00e9dia, dosahovat vy\u0161\u0161\u00edch zisk\u016f a reaktivity a v neposledn\u00ed \u0159ad\u011b p\u0159il\u00e1k\u00e1te v\u00edce p\u0159\u00edm\u00fdch z\u00e1kazn\u00edk\u016f na sv\u016fj web.<\/p>\n","protected":false},"author":5,"featured_media":0,"parent":0,"menu_order":0,"comment_status":"closed","ping_status":"closed","template":"tpl-builder\/tpl-builder.php","meta":{"footnotes":""},"class_list":["post-8915","page","type-page","status-publish","hentry"],"_links":{"self":[{"href":"https:\/\/www.d-edge.com\/cs\/wp-json\/wp\/v2\/pages\/8915"}],"collection":[{"href":"https:\/\/www.d-edge.com\/cs\/wp-json\/wp\/v2\/pages"}],"about":[{"href":"https:\/\/www.d-edge.com\/cs\/wp-json\/wp\/v2\/types\/page"}],"author":[{"embeddable":true,"href":"https:\/\/www.d-edge.com\/cs\/wp-json\/wp\/v2\/users\/5"}],"replies":[{"embeddable":true,"href":"https:\/\/www.d-edge.com\/cs\/wp-json\/wp\/v2\/comments?post=8915"}],"version-history":[{"count":0,"href":"https:\/\/www.d-edge.com\/cs\/wp-json\/wp\/v2\/pages\/8915\/revisions"}],"wp:attachment":[{"href":"https:\/\/www.d-edge.com\/cs\/wp-json\/wp\/v2\/media?parent=8915"}],"curies":[{"name":"wp","href":"https:\/\/api.w.org\/{rel}","templated":true}]}}