{"id":1381,"date":"2019-01-30T16:20:30","date_gmt":"2019-01-30T16:20:30","guid":{"rendered":"http:\/\/www.d-edge.com\/our-offices\/"},"modified":"2023-03-27T10:51:16","modified_gmt":"2023-03-27T09:51:16","slug":"unsere-hauptniederlassungen","status":"publish","type":"page","link":"https:\/\/www.d-edge.com\/de\/unsere-hauptniederlassungen\/","title":{"rendered":"Unsere Hauptniederlassungen"},"content":{"rendered":"<p>Dank einer sehr starken lokalen Pr\u00e4senz betreuen wir unsere 17.000 Kunden in 150 L\u00e4ndern und bieten ihnen die am besten auf sie zugeschnittenen Tools und Unterst\u00fctzung.<\/p>\n","protected":false},"excerpt":{"rendered":"<p>Dank einer sehr starken lokalen Pr\u00e4senz betreuen wir unsere 17.000 Kunden in 150 L\u00e4ndern und bieten ihnen die am besten auf sie zugeschnittenen Tools und Unterst\u00fctzung.<\/p>\n","protected":false},"author":3,"featured_media":0,"parent":0,"menu_order":0,"comment_status":"closed","ping_status":"closed","template":"tpl-our-offices\/tpl-our-offices.php","meta":{"footnotes":""},"class_list":["post-1381","page","type-page","status-publish","hentry"],"_links":{"self":[{"href":"https:\/\/www.d-edge.com\/de\/wp-json\/wp\/v2\/pages\/1381"}],"collection":[{"href":"https:\/\/www.d-edge.com\/de\/wp-json\/wp\/v2\/pages"}],"about":[{"href":"https:\/\/www.d-edge.com\/de\/wp-json\/wp\/v2\/types\/page"}],"author":[{"embeddable":true,"href":"https:\/\/www.d-edge.com\/de\/wp-json\/wp\/v2\/users\/3"}],"replies":[{"embeddable":true,"href":"https:\/\/www.d-edge.com\/de\/wp-json\/wp\/v2\/comments?post=1381"}],"version-history":[{"count":0,"href":"https:\/\/www.d-edge.com\/de\/wp-json\/wp\/v2\/pages\/1381\/revisions"}],"wp:attachment":[{"href":"https:\/\/www.d-edge.com\/de\/wp-json\/wp\/v2\/media?parent=1381"}],"curies":[{"name":"wp","href":"https:\/\/api.w.org\/{rel}","templated":true}]}}