{"id":1385,"date":"2019-01-28T13:59:21","date_gmt":"2019-01-28T13:59:21","guid":{"rendered":"http:\/\/www.d-edge.com\/newsletter\/"},"modified":"2019-02-28T18:41:39","modified_gmt":"2019-02-28T17:41:39","slug":"newsletter","status":"publish","type":"page","link":"https:\/\/www.d-edge.com\/de\/newsletter\/","title":{"rendered":"ZU UNSEREM NEWSLETTER ANMELDEN"},"content":{"rendered":"<p>Erhalten Sie unsere neuesten Nachrichten und Informationen<\/p>\n\n                <div class='gf_browser_gecko gform_wrapper newsletter_form_wrapper' id='gform_wrapper_1' ><form method='post' enctype='multipart\/form-data'  id='gform_1' class='newsletter_form' action='\/de\/wp-json\/wp\/v2\/pages\/1385'>\n                        <div class='gform_body'><ul id='gform_fields_1' class='gform_fields top_label form_sublabel_below description_below'><li id='field_1_2'  class='gfield gfield_contains_required field_sublabel_below field_description_below gfield_visibility_visible' ><label class='gfield_label' for='input_1_2' >Email<span class='gfield_required'>*<\/span><\/label><div class='ginput_container ginput_container_email'>\n                            <input name='input_2' id='input_1_2' type='text' value='' class='medium'    aria-required=\"true\" aria-invalid=\"false\" \/>\n                        <\/div><\/li><li id='field_1_3'  class='gfield gfield_contains_required field_sublabel_above field_description_below hidden_label gfield_visibility_visible' ><label class='gfield_label gfield_label_before_complex'  >Name<span class='gfield_required'>*<\/span><\/label><div class='ginput_complex ginput_container no_prefix has_first_name no_middle_name no_last_name no_suffix gf_name_has_1 ginput_container_name' id='input_1_3'>\n                            \n                            <span id='input_1_3_3_container' class='name_first' >\n                                                    <label for='input_1_3_3' >Vorname & Nachname<\/label>\n                                                    <input type='text' name='input_3.3' id='input_1_3_3' value='' aria-label='Vorname'   aria-required=\"true\" aria-invalid=\"false\" \/>\n                                                <\/span>\n                            \n                            \n                            \n                        <\/div><\/li><li id='field_1_8'  class='gfield half_item gfield_contains_required field_sublabel_above field_description_below hidden_label gfield_visibility_visible' ><label class='gfield_label gfield_label_before_complex'  >Country<span class='gfield_required'>*<\/span><\/label>    \n                    <div class='ginput_complex ginput_container has_country ginput_container_address' id='input_1_8' >\n                        <input type='hidden' class='gform_hidden' name='input_8.4' id='input_1_8_4' value=''\/><span class='ginput_left address_country' id='input_1_8_6_container' >\n                                        <label for='input_1_8_6' id='input_1_8_6_label' >Land<\/label>\n                                        <select name='input_8.6' id='input_1_8_6'   aria-required=\"true\"><option value='' selected='selected'><\/option><option value='Afghanistan' >Afghanistan<\/option><option value='Albanien' >Albanien<\/option><option value='Algerien' >Algerien<\/option><option value='Amerikanisch-Samoa' >Amerikanisch-Samoa<\/option><option value='Amerikanische Jungferninseln' >Amerikanische Jungferninseln<\/option><option value='Andorra' >Andorra<\/option><option value='Angola' >Angola<\/option><option value='Anguilla' >Anguilla<\/option><option value='Antarktis' >Antarktis<\/option><option value='Antigua und Barbuda' >Antigua und Barbuda<\/option><option value='Argentinien' >Argentinien<\/option><option value='Armenien' >Armenien<\/option><option value='Aruba' >Aruba<\/option><option value='Aserbaidschan' >Aserbaidschan<\/option><option value='Australien' >Australien<\/option><option value='Bahamas' >Bahamas<\/option><option value='Bahrain' >Bahrain<\/option><option value='Bangladesh' >Bangladesh<\/option><option value='Barbados' >Barbados<\/option><option value='Belgien' >Belgien<\/option><option value='Belize' >Belize<\/option><option value='Benin' >Benin<\/option><option value='Bermuda' >Bermuda<\/option><option value='Bhutan' >Bhutan<\/option><option value='Bolivien' >Bolivien<\/option><option value='Bosnien und Herzegowina' >Bosnien und Herzegowina<\/option><option value='Botswana' >Botswana<\/option><option value='Bouvetinsel' >Bouvetinsel<\/option><option value='Brasilien' >Brasilien<\/option><option value='Britische Jungferninseln' >Britische Jungferninseln<\/option><option value='Britisches Territorium im Indischen Ozean' >Britisches Territorium im Indischen Ozean<\/option><option value='Brunei Darussalam' >Brunei Darussalam<\/option><option value='Bulgarien' >Bulgarien<\/option><option value='Burkina Faso' >Burkina Faso<\/option><option value='Burundi' >Burundi<\/option><option value='Caymen Inseln' >Caymen Inseln<\/option><option value='Chile' >Chile<\/option><option value='China' >China<\/option><option value='Cookinseln' >Cookinseln<\/option><option value='Costa Rica' >Costa Rica<\/option><option value='Cura\u00e7ao' >Cura\u00e7ao<\/option><option value='C\u00f4te d&#039;Ivoire' >C\u00f4te d&#039;Ivoire<\/option><option value='Demokratische Volksrepublik Laos' >Demokratische Volksrepublik Laos<\/option><option value='Deutschland' >Deutschland<\/option><option value='Djibouti' >Djibouti<\/option><option value='Dominica' >Dominica<\/option><option value='Dominikanische Republik' >Dominikanische Republik<\/option><option value='D\u00e4nemark' >D\u00e4nemark<\/option><option value='Ecuador' >Ecuador<\/option><option value='El Salvador' >El Salvador<\/option><option value='Eritrea' >Eritrea<\/option><option value='Estland' >Estland<\/option><option value='Falklandinseln' >Falklandinseln<\/option><option value='Fidschi' >Fidschi<\/option><option value='Finnland' >Finnland<\/option><option value='Frankreich' >Frankreich<\/option><option value='Franz\u00f6sisch-Guayana' >Franz\u00f6sisch-Guayana<\/option><option value='Franz\u00f6sisch-Polynesien' >Franz\u00f6sisch-Polynesien<\/option><option value='Franz\u00f6sische S\u00fcd- und Antarktisgebiete' >Franz\u00f6sische S\u00fcd- und Antarktisgebiete<\/option><option value='Futuna (Wallis und Futuna)' >Futuna (Wallis und Futuna)<\/option><option value='F\u00e4r\u00f6er-Inseln' >F\u00e4r\u00f6er-Inseln<\/option><option value='Gabun' >Gabun<\/option><option value='Gambia' >Gambia<\/option><option value='Georgia' >Georgia<\/option><option value='Ghana' >Ghana<\/option><option value='Gibraltar' >Gibraltar<\/option><option value='Grenada' >Grenada<\/option><option value='Griechenland' >Griechenland<\/option><option value='Gro\u00dfbritannien' >Gro\u00dfbritannien<\/option><option value='Gr\u00f6nland' >Gr\u00f6nland<\/option><option value='Guadeloupe' >Guadeloupe<\/option><option value='Guam' >Guam<\/option><option value='Guatemala' >Guatemala<\/option><option value='Guernsey' >Guernsey<\/option><option value='Guinea' >Guinea<\/option><option value='Guinea-Bissau' >Guinea-Bissau<\/option><option value='Guyana' >Guyana<\/option><option value='Haiti' >Haiti<\/option><option value='Heard und McDonaldinseln' >Heard und McDonaldinseln<\/option><option value='Heiliger Stuhl' >Heiliger Stuhl<\/option><option value='Honduras' >Honduras<\/option><option value='Hongkong' >Hongkong<\/option><option value='Indien' >Indien<\/option><option value='Indonesien' >Indonesien<\/option><option value='Irak' >Irak<\/option><option value='Iran' >Iran<\/option><option value='Irland' >Irland<\/option><option value='Island' >Island<\/option><option value='Isle of Man' >Isle of Man<\/option><option value='Israel' >Israel<\/option><option value='Italien' >Italien<\/option><option value='Jamaika' >Jamaika<\/option><option value='Japan' >Japan<\/option><option value='Jemen' >Jemen<\/option><option value='Jersey' >Jersey<\/option><option value='Jordanien' >Jordanien<\/option><option value='Kambodscha' >Kambodscha<\/option><option value='Kamerun' >Kamerun<\/option><option value='Kanada' >Kanada<\/option><option value='Kap Verde' >Kap Verde<\/option><option value='Karibische Niederlande' >Karibische Niederlande<\/option><option value='Kasachstan' >Kasachstan<\/option><option value='Katar' >Katar<\/option><option value='Kenia' >Kenia<\/option><option value='Kirgistan' >Kirgistan<\/option><option value='Kiribati' >Kiribati<\/option><option value='Kokosinseln' >Kokosinseln<\/option><option value='Kolumbien' >Kolumbien<\/option><option value='Komoren' >Komoren<\/option><option value='Kongo, Demokratische Republik des' >Kongo, Demokratische Republik des<\/option><option value='Kongo, Republik des' >Kongo, Republik des<\/option><option value='Kroatien' >Kroatien<\/option><option value='Kuba' >Kuba<\/option><option value='Kuwait' >Kuwait<\/option><option value='K\u00f6nigreich Eswatini (Swasiland)' >K\u00f6nigreich Eswatini (Swasiland)<\/option><option value='Lesotho' >Lesotho<\/option><option value='Lettland' >Lettland<\/option><option value='Libanon' >Libanon<\/option><option value='Liberia' >Liberia<\/option><option value='Libyen' >Libyen<\/option><option value='Liechtenstein' >Liechtenstein<\/option><option value='Litauen' >Litauen<\/option><option value='Luxemburg' >Luxemburg<\/option><option value='Macao' >Macao<\/option><option value='Madagaskar' >Madagaskar<\/option><option value='Malawi' >Malawi<\/option><option value='Malaysia' >Malaysia<\/option><option value='Malediven' >Malediven<\/option><option value='Mali' >Mali<\/option><option value='Malta' >Malta<\/option><option value='Marokko' >Marokko<\/option><option value='Marshall-Inseln' >Marshall-Inseln<\/option><option value='Martinique' >Martinique<\/option><option value='Mauretanien' >Mauretanien<\/option><option value='Mauritius' >Mauritius<\/option><option value='Mayotte' >Mayotte<\/option><option value='Mazedonien' >Mazedonien<\/option><option value='Mexiko' >Mexiko<\/option><option value='Mikronesien' >Mikronesien<\/option><option value='Moldawien' >Moldawien<\/option><option value='Monaco' >Monaco<\/option><option value='Mongolei' >Mongolei<\/option><option value='Montenegro' >Montenegro<\/option><option value='Montserrat' >Montserrat<\/option><option value='Mosambik' >Mosambik<\/option><option value='Myanmar' >Myanmar<\/option><option value='Namibia' >Namibia<\/option><option value='Nauru' >Nauru<\/option><option value='Nepal' >Nepal<\/option><option value='Neukaledonien' >Neukaledonien<\/option><option value='Neuseeland' >Neuseeland<\/option><option value='Nicaragua' >Nicaragua<\/option><option value='Niederlande' >Niederlande<\/option><option value='Niger' >Niger<\/option><option value='Nigeria' >Nigeria<\/option><option value='Niue' >Niue<\/option><option value='Nordkorea (Volksrepublik)' >Nordkorea (Volksrepublik)<\/option><option value='Norfolkinsel' >Norfolkinsel<\/option><option value='Norwegen' >Norwegen<\/option><option value='N\u00f6rdliche Marianen' >N\u00f6rdliche Marianen<\/option><option value='Oman' >Oman<\/option><option value='Osttimor' >Osttimor<\/option><option value='Pakistan' >Pakistan<\/option><option value='Palau' >Palau<\/option><option value='Pal\u00e4stina, Bundesstaat' >Pal\u00e4stina, Bundesstaat<\/option><option value='Panama' >Panama<\/option><option value='Papua Neu Guinea' >Papua Neu Guinea<\/option><option value='Paraguay' >Paraguay<\/option><option value='Peru' >Peru<\/option><option value='Philippinen' >Philippinen<\/option><option value='Pitcairninseln' >Pitcairninseln<\/option><option value='Polen' >Polen<\/option><option value='Portugal' >Portugal<\/option><option value='Puerto Rico' >Puerto Rico<\/option><option value='Ruanda' >Ruanda<\/option><option value='Rum\u00e4nien' >Rum\u00e4nien<\/option><option value='Russland' >Russland<\/option><option value='R\u00e9union' >R\u00e9union<\/option><option value='S&uuml;dgeorgien' >S&uuml;dgeorgien<\/option><option value='Saint-Barth\u00e9lemy' >Saint-Barth\u00e9lemy<\/option><option value='Saint-Pierre und Miquelon' >Saint-Pierre und Miquelon<\/option><option value='Salomonen' >Salomonen<\/option><option value='Sambia' >Sambia<\/option><option value='Samoa' >Samoa<\/option><option value='San Marino' >San Marino<\/option><option value='Saudi-Arabien' >Saudi-Arabien<\/option><option value='Schweden' >Schweden<\/option><option value='Schweiz' >Schweiz<\/option><option value='Senegal' >Senegal<\/option><option value='Serbien' >Serbien<\/option><option value='Seychellen' >Seychellen<\/option><option value='Sierra Leone' >Sierra Leone<\/option><option value='Simbabwe' >Simbabwe<\/option><option value='Singapur' >Singapur<\/option><option value='Sint Maarten' >Sint Maarten<\/option><option value='Slovenien' >Slovenien<\/option><option value='Slowakei' >Slowakei<\/option><option value='Somalia' >Somalia<\/option><option value='Spanien' >Spanien<\/option><option value='Spitzbergen' >Spitzbergen<\/option><option value='Sri Lanka' >Sri Lanka<\/option><option value='St. Helena' >St. Helena<\/option><option value='St. Kitts und Nevis' >St. Kitts und Nevis<\/option><option value='St. Lucia' >St. Lucia<\/option><option value='St. Martin' >St. Martin<\/option><option value='St. Vincent und die Grenadinen' >St. Vincent und die Grenadinen<\/option><option value='Sudan' >Sudan<\/option><option value='Surinam' >Surinam<\/option><option value='Syrien' >Syrien<\/option><option value='S\u00e3o Tom\u00e9 und Pr\u00edncipe' >S\u00e3o Tom\u00e9 und Pr\u00edncipe<\/option><option value='S\u00fcdafrika' >S\u00fcdafrika<\/option><option value='S\u00fcdkorea' >S\u00fcdkorea<\/option><option value='S\u00fcdsudan' >S\u00fcdsudan<\/option><option value='Tadschikistan' >Tadschikistan<\/option><option value='Taiwan' >Taiwan<\/option><option value='Tanzania' >Tanzania<\/option><option value='Thailand' >Thailand<\/option><option value='Togo' >Togo<\/option><option value='Tokelau' >Tokelau<\/option><option value='Tonga' >Tonga<\/option><option value='Trinidad und Tobago' >Trinidad und Tobago<\/option><option value='Tschad' >Tschad<\/option><option value='Tschechische Republik' >Tschechische Republik<\/option><option value='Tunesien' >Tunesien<\/option><option value='Turkmenistan' >Turkmenistan<\/option><option value='Turks- und Caicosinseln' >Turks- und Caicosinseln<\/option><option value='Tuvalu' >Tuvalu<\/option><option value='T\u00fcrkei' >T\u00fcrkei<\/option><option value='U.S.A.' >U.S.A.<\/option><option value='US Minor Outlying Islands' >US Minor Outlying Islands<\/option><option value='Uganda' >Uganda<\/option><option value='Ukraine' >Ukraine<\/option><option value='Ungarn' >Ungarn<\/option><option value='Uruguay' >Uruguay<\/option><option value='Usbekistan' >Usbekistan<\/option><option value='Vanuatu' >Vanuatu<\/option><option value='Venezuela' >Venezuela<\/option><option value='Vereinigte Arabische Emirate' >Vereinigte Arabische Emirate<\/option><option value='Vietnam' >Vietnam<\/option><option value='Weihnachtsinsel' >Weihnachtsinsel<\/option><option value='Wei\u00dfrussland' >Wei\u00dfrussland<\/option><option value='Westsahara' >Westsahara<\/option><option value='Zentralafrikanische Republik' >Zentralafrikanische Republik<\/option><option value='Zypern' >Zypern<\/option><option value='\u00c4gypten' >\u00c4gypten<\/option><option value='\u00c4quatorial Guinea' >\u00c4quatorial Guinea<\/option><option value='\u00c4thopien' >\u00c4thopien<\/option><option value='\u00c5landinseln' >\u00c5landinseln<\/option><option value='\u00d6sterreich' >\u00d6sterreich<\/option><\/select>\n                                    <\/span>\n                    <div class='gf_clear gf_clear_complex'><\/div>\n                <\/div><\/li><li id='field_1_4'  class='gfield half_item gfield_contains_required field_sublabel_below field_description_below gfield_visibility_visible' ><label class='gfield_label' for='input_1_4' >Bevorzugte Sprache<span class='gfield_required'>*<\/span><\/label><div class='ginput_container ginput_container_select'><select name='input_4' id='input_1_4' class='medium gfield_select'   aria-required=\"true\" aria-invalid=\"false\"><option value='English' selected='selected'>English<\/option><option value='French' >French<\/option><option value='Italian' >Italian<\/option><option value='Simplified Chinese' >Simplified Chinese<\/option><option value='Japanese' >Japanese<\/option><option value='Czech' >Czech<\/option><option value='Spanish' >Spanish<\/option><option value='Portuguese' >Portuguese<\/option><option value='German' >German<\/option><\/select><\/div><\/li><li id='field_1_11'  class='gfield gfield_contains_required field_sublabel_below field_description_below gfield_visibility_visible' ><label class='gfield_label'  >Consent<span class='gfield_required'>*<\/span><\/label><div class='ginput_container ginput_container_consent'><input name='input_11.1' id='input_1_11_1' type='checkbox' value='1'  aria-describedby='gfield_consent_description_1_11' aria-required=\"true\" aria-invalid=\"false\"   \/> <label class=\"gfield_consent_label\" for='input_1_11_1' >Ich stimme der Datenschutzerkl\u00e4rung zu.<\/label><input type='hidden' name='input_11.2' value='Ich stimme der Datenschutzerkl\u00e4rung zu.' class='gform_hidden' \/><input type='hidden' name='input_11.3' value='2' class='gform_hidden' \/><\/div><div class='gfield_description gfield_consent_description' id='gfield_consent_description_1_11'>Information collected about you is intended for D-EDGE and its IT service providers, in order to process your request. D-EDGE will use your data to share with you its email newsletters to keep you informed on technology and marketing trends and on D-EDGE\u2019s main news and events. In accordance with the Data Protection Act, you have the right to access, correct and delete data about you, as well as the right to object to its processing. For any request, simply write to communication@d-edge.com.<\/div><\/li><li id='field_1_13'  class='gfield field_sublabel_below field_description_below gfield_visibility_visible' ><label class='gfield_label' for='input_1_13' >CAPTCHA<\/label><div id='input_1_13' class='ginput_container ginput_recaptcha' data-sitekey='6LcUi4oUAAAAAKEDoOkPh52b8oTzcPZGZ-KsnBC-'  data-theme='light' data-tabindex='0'  data-badge=''><\/div><\/li>\n                            <\/ul><\/div>\n        <div class='gform_footer top_label'> <input type='submit' id='gform_submit_button_1' class='gform_button button' value='Absenden'  onclick='if(window[\"gf_submitting_1\"]){return false;}  window[\"gf_submitting_1\"]=true;  ' onkeypress='if( event.keyCode == 13 ){ if(window[\"gf_submitting_1\"]){return false;} window[\"gf_submitting_1\"]=true;  jQuery(\"#gform_1\").trigger(\"submit\",[true]); }' \/> \n            <input type='hidden' class='gform_hidden' name='is_submit_1' value='1' \/>\n            <input type='hidden' class='gform_hidden' name='gform_submit' value='1' \/>\n            \n            <input type='hidden' class='gform_hidden' name='gform_unique_id' value='' \/>\n            <input type='hidden' class='gform_hidden' name='state_1' value='WyJ7XCIxMS4xXCI6XCI3ZDc1MjY5MzVjMWNkYTU4NjZmNDg3MTVhYjI4NDg5NlwiLFwiMTEuMlwiOlwiY2E4NTA2YmRmMTRmNTJlY2MwNTA5MjZmNjU4MzM2NjVcIixcIjExLjNcIjpcIjdkMzAyZTM4OWUyYTAxN2JmNDQzZGEwYWI4M2QwNGZkXCJ9IiwiZmMzM2M1MDg4ODU2OWE3NzQxYjE3Mzg1ZGUwMjMzMDAiXQ==' \/>\n            <input type='hidden' class='gform_hidden' name='gform_target_page_number_1' id='gform_target_page_number_1' value='0' \/>\n            <input type='hidden' class='gform_hidden' name='gform_source_page_number_1' id='gform_source_page_number_1' value='1' \/>\n            <input type='hidden' name='gform_field_values' value='' \/>\n            \n        <\/div>\n                        <\/form>\n                        <\/div>\n","protected":false},"excerpt":{"rendered":"<p>Erhalten Sie unsere neuesten Nachrichten und Informationen<\/p>\n","protected":false},"author":3,"featured_media":0,"parent":0,"menu_order":0,"comment_status":"closed","ping_status":"closed","template":"tpl-newsletter\/tpl-newsletter.php","meta":{"footnotes":""},"class_list":["post-1385","page","type-page","status-publish","hentry"],"_links":{"self":[{"href":"https:\/\/www.d-edge.com\/de\/wp-json\/wp\/v2\/pages\/1385"}],"collection":[{"href":"https:\/\/www.d-edge.com\/de\/wp-json\/wp\/v2\/pages"}],"about":[{"href":"https:\/\/www.d-edge.com\/de\/wp-json\/wp\/v2\/types\/page"}],"author":[{"embeddable":true,"href":"https:\/\/www.d-edge.com\/de\/wp-json\/wp\/v2\/users\/3"}],"replies":[{"embeddable":true,"href":"https:\/\/www.d-edge.com\/de\/wp-json\/wp\/v2\/comments?post=1385"}],"version-history":[{"count":0,"href":"https:\/\/www.d-edge.com\/de\/wp-json\/wp\/v2\/pages\/1385\/revisions"}],"wp:attachment":[{"href":"https:\/\/www.d-edge.com\/de\/wp-json\/wp\/v2\/media?parent=1385"}],"curies":[{"name":"wp","href":"https:\/\/api.w.org\/{rel}","templated":true}]}}