{"id":2214,"date":"2019-04-18T15:28:57","date_gmt":"2019-04-18T14:28:57","guid":{"rendered":"http:\/\/www.d-edge.com\/how-online-hotel-distribution-is-changing-in-europe\/"},"modified":"2019-11-22T16:13:28","modified_gmt":"2019-11-22T15:13:28","slug":"wie-sich-der-online-hotelvertrieb-veraendert","status":"publish","type":"page","link":"https:\/\/www.d-edge.com\/de\/wie-sich-der-online-hotelvertrieb-veraendert\/","title":{"rendered":"WIE SICH DER ONLINE-HOTELVERTRIEB IN EUROPA VER\u00c4NDERT"},"content":{"rendered":"<p><span style=\"font-weight: 400;\">Die Vertriebslandschaft in der Hotellerie wird oft als Duopol von Booking und Expedia bezeichnet, <\/span><span style=\"font-weight: 400;\">aber wir sehen das etwas anders.<\/span><span style=\"font-weight: 400;\"> Obwohl sie \u00fcber einen erheblichen Marktanteil verf\u00fcgen, gibt es dennoch andere Kan\u00e4le, die Hoteliers erfolgreich nutzen.<\/span><span style=\"font-weight: 400;\">,\u00a0<\/span><span style=\"font-weight: 400;\"><\/span><span style=\"font-weight: 400;\"><\/span><\/p>\n<p><span style=\"font-weight: 400;\"><br \/>\n<\/span><span style=\"font-weight: 400;\">Nach Hunderten von Stunden, in denen wir die letzten f\u00fcnf Jahre den Hotelvertrieb f\u00fcr eine Auswahl unserer Kunden analysierten, haben wir einen Bericht erstellt, um die Entwicklung des Vertriebs etwas mehr zu beleuchten und hoffentlich die Hoteliers dazu zu inspirieren, diesen zu optimieren.<br \/>\n <\/span><\/p>\n<p>&nbsp;<\/p>\n","protected":false},"excerpt":{"rendered":"<p>Die Vertriebslandschaft in der Hotellerie wird oft als Duopol von Booking und Expedia bezeichnet, aber wir sehen das etwas anders. Obwohl sie \u00fcber einen erheblichen Marktanteil verf\u00fcgen, gibt es dennoch andere Kan\u00e4le, die Hoteliers erfolgreich nutzen.,\u00a0 Nach Hunderten von Stunden, in denen wir die letzten f\u00fcnf Jahre den Hotelvertrieb f\u00fcr eine Auswahl unserer Kunden analysierten, [&hellip;]<\/p>\n","protected":false},"author":10,"featured_media":0,"parent":0,"menu_order":0,"comment_status":"closed","ping_status":"closed","template":"tpl-builder\/tpl-builder.php","meta":{"footnotes":""},"class_list":["post-2214","page","type-page","status-publish","hentry"],"_links":{"self":[{"href":"https:\/\/www.d-edge.com\/de\/wp-json\/wp\/v2\/pages\/2214"}],"collection":[{"href":"https:\/\/www.d-edge.com\/de\/wp-json\/wp\/v2\/pages"}],"about":[{"href":"https:\/\/www.d-edge.com\/de\/wp-json\/wp\/v2\/types\/page"}],"author":[{"embeddable":true,"href":"https:\/\/www.d-edge.com\/de\/wp-json\/wp\/v2\/users\/10"}],"replies":[{"embeddable":true,"href":"https:\/\/www.d-edge.com\/de\/wp-json\/wp\/v2\/comments?post=2214"}],"version-history":[{"count":0,"href":"https:\/\/www.d-edge.com\/de\/wp-json\/wp\/v2\/pages\/2214\/revisions"}],"wp:attachment":[{"href":"https:\/\/www.d-edge.com\/de\/wp-json\/wp\/v2\/media?parent=2214"}],"curies":[{"name":"wp","href":"https:\/\/api.w.org\/{rel}","templated":true}]}}