{"id":24360,"date":"2025-09-03T21:45:31","date_gmt":"2025-09-03T20:45:31","guid":{"rendered":"https:\/\/www.d-edge.com\/?page_id=24360"},"modified":"2025-09-05T15:41:15","modified_gmt":"2025-09-05T14:41:15","slug":"2026-konsortien-tmc-leitfaden","status":"publish","type":"page","link":"https:\/\/www.d-edge.com\/de\/2026-konsortien-tmc-leitfaden\/","title":{"rendered":"Der vollst\u00e4ndige Leitfaden f\u00fcr Hoteliers, um in der Konsortialsaison 2026 erfolgreich zu sein"},"content":{"rendered":"<p style=\"text-align: center;\">Sind Sie bereit, 2026 zu Ihrem bisher st\u00e4rksten Jahr zu machen? In diesem Leitfaden erfahren Sie mehr \u00fcber die f\u00fchrenden Programme von Konsortien und Travel Management Companies (TMC), was sie bieten und wie Ihr Haus von ihnen durch das GDS profitieren kann.<\/p>\n","protected":false},"excerpt":{"rendered":"<p>Sind Sie bereit, 2026 zu Ihrem bisher st\u00e4rksten Jahr zu machen? In diesem Leitfaden erfahren Sie mehr \u00fcber die f\u00fchrenden Programme von Konsortien und Travel Management Companies (TMC), was sie bieten und wie Ihr Haus von ihnen durch das GDS profitieren kann.<\/p>\n","protected":false},"author":5,"featured_media":24276,"parent":0,"menu_order":0,"comment_status":"closed","ping_status":"closed","template":"tpl-builder\/tpl-builder.php","meta":{"footnotes":""},"class_list":["post-24360","page","type-page","status-publish","has-post-thumbnail","hentry"],"_links":{"self":[{"href":"https:\/\/www.d-edge.com\/de\/wp-json\/wp\/v2\/pages\/24360"}],"collection":[{"href":"https:\/\/www.d-edge.com\/de\/wp-json\/wp\/v2\/pages"}],"about":[{"href":"https:\/\/www.d-edge.com\/de\/wp-json\/wp\/v2\/types\/page"}],"author":[{"embeddable":true,"href":"https:\/\/www.d-edge.com\/de\/wp-json\/wp\/v2\/users\/5"}],"replies":[{"embeddable":true,"href":"https:\/\/www.d-edge.com\/de\/wp-json\/wp\/v2\/comments?post=24360"}],"version-history":[{"count":0,"href":"https:\/\/www.d-edge.com\/de\/wp-json\/wp\/v2\/pages\/24360\/revisions"}],"wp:featuredmedia":[{"embeddable":true,"href":"https:\/\/www.d-edge.com\/de\/wp-json\/wp\/v2\/media\/24276"}],"wp:attachment":[{"href":"https:\/\/www.d-edge.com\/de\/wp-json\/wp\/v2\/media?parent=24360"}],"curies":[{"name":"wp","href":"https:\/\/api.w.org\/{rel}","templated":true}]}}