{"id":8917,"date":"2021-05-14T16:19:39","date_gmt":"2021-05-14T15:19:39","guid":{"rendered":"https:\/\/www.d-edge.com\/mediagenius\/"},"modified":"2025-02-26T17:30:46","modified_gmt":"2025-02-26T16:30:46","slug":"mediagenius","status":"publish","type":"page","link":"https:\/\/www.d-edge.com\/de\/mediagenius\/","title":{"rendered":"MediaGenius"},"content":{"rendered":"<p>Mit MediaGenius erhalten Sie ein innovatives, allumfassendes Tool, das speziell f\u00fcr die Bed\u00fcrfnisse von Hoteliers entwickelt wurde. Mit wenigen Klicks k\u00f6nnen Sie Multimediakampagnen erstellen, Ihre Leistungen \u00fcberwachen, Ihr Budget f\u00fcr digitale Medien zentralisieren, mehr Rentabilit\u00e4t und Reaktivit\u00e4t erzielen &#8230; und den direkten Traffic auf Ihre Website erh\u00f6hen.<\/p>\n","protected":false},"excerpt":{"rendered":"<p>Mit MediaGenius erhalten Sie ein innovatives, allumfassendes Tool, das speziell f\u00fcr die Bed\u00fcrfnisse von Hoteliers entwickelt wurde. Mit wenigen Klicks k\u00f6nnen Sie Multimediakampagnen erstellen, Ihre Leistungen \u00fcberwachen, Ihr Budget f\u00fcr digitale Medien zentralisieren, mehr Rentabilit\u00e4t und Reaktivit\u00e4t erzielen &#8230; und den direkten Traffic auf Ihre Website erh\u00f6hen.<\/p>\n","protected":false},"author":5,"featured_media":0,"parent":0,"menu_order":0,"comment_status":"closed","ping_status":"closed","template":"tpl-builder\/tpl-builder.php","meta":{"footnotes":""},"class_list":["post-8917","page","type-page","status-publish","hentry"],"_links":{"self":[{"href":"https:\/\/www.d-edge.com\/de\/wp-json\/wp\/v2\/pages\/8917"}],"collection":[{"href":"https:\/\/www.d-edge.com\/de\/wp-json\/wp\/v2\/pages"}],"about":[{"href":"https:\/\/www.d-edge.com\/de\/wp-json\/wp\/v2\/types\/page"}],"author":[{"embeddable":true,"href":"https:\/\/www.d-edge.com\/de\/wp-json\/wp\/v2\/users\/5"}],"replies":[{"embeddable":true,"href":"https:\/\/www.d-edge.com\/de\/wp-json\/wp\/v2\/comments?post=8917"}],"version-history":[{"count":0,"href":"https:\/\/www.d-edge.com\/de\/wp-json\/wp\/v2\/pages\/8917\/revisions"}],"wp:attachment":[{"href":"https:\/\/www.d-edge.com\/de\/wp-json\/wp\/v2\/media?parent=8917"}],"curies":[{"name":"wp","href":"https:\/\/api.w.org\/{rel}","templated":true}]}}