{"id":13677,"date":"2021-11-22T18:39:19","date_gmt":"2021-11-22T17:39:19","guid":{"rendered":"https:\/\/www.d-edge.com\/marketing-campaign-management\/"},"modified":"2025-02-26T16:39:29","modified_gmt":"2025-02-26T15:39:29","slug":"marketing-campaign-management","status":"publish","type":"page","link":"https:\/\/www.d-edge.com\/es\/marketing-campaign-management\/","title":{"rendered":"Marketing Campaign Management"},"content":{"rendered":"<p>El m\u00f3dulo de Campaign Management, conectado a nuestra plataforma de Central Data Management, le permite crear y automatizar el env\u00edo de correos electr\u00f3nicos promocionales y newsletters a diferentes audiencias. Cree campa\u00f1as de marketing atractivas dirigidas a sus clientes y que generen ventas adicionales para su hotel.<\/p>\n","protected":false},"excerpt":{"rendered":"<p>El m\u00f3dulo de Campaign Management, conectado a nuestra plataforma de Central Data Management, le permite crear y automatizar el env\u00edo de correos electr\u00f3nicos promocionales y newsletters a diferentes audiencias. Cree campa\u00f1as de marketing atractivas dirigidas a sus clientes y que generen ventas adicionales para su hotel.<\/p>\n","protected":false},"author":5,"featured_media":0,"parent":0,"menu_order":0,"comment_status":"closed","ping_status":"closed","template":"tpl-builder\/tpl-builder.php","meta":{"footnotes":""},"class_list":["post-13677","page","type-page","status-publish","hentry"],"_links":{"self":[{"href":"https:\/\/www.d-edge.com\/es\/wp-json\/wp\/v2\/pages\/13677"}],"collection":[{"href":"https:\/\/www.d-edge.com\/es\/wp-json\/wp\/v2\/pages"}],"about":[{"href":"https:\/\/www.d-edge.com\/es\/wp-json\/wp\/v2\/types\/page"}],"author":[{"embeddable":true,"href":"https:\/\/www.d-edge.com\/es\/wp-json\/wp\/v2\/users\/5"}],"replies":[{"embeddable":true,"href":"https:\/\/www.d-edge.com\/es\/wp-json\/wp\/v2\/comments?post=13677"}],"version-history":[{"count":0,"href":"https:\/\/www.d-edge.com\/es\/wp-json\/wp\/v2\/pages\/13677\/revisions"}],"wp:attachment":[{"href":"https:\/\/www.d-edge.com\/es\/wp-json\/wp\/v2\/media?parent=13677"}],"curies":[{"name":"wp","href":"https:\/\/api.w.org\/{rel}","templated":true}]}}