{"id":1671,"date":"2019-01-28T13:59:21","date_gmt":"2019-01-28T13:59:21","guid":{"rendered":"http:\/\/www.d-edge.com\/newsletter\/"},"modified":"2019-03-25T11:14:02","modified_gmt":"2019-03-25T10:14:02","slug":"newsletter","status":"publish","type":"page","link":"https:\/\/www.d-edge.com\/es\/newsletter\/","title":{"rendered":"Suscr\u00edbete a nuestro bolet\u00edn de noticias"},"content":{"rendered":"<p>Get our latest news and insights <\/p>\n\n                <div class='gf_browser_gecko gform_wrapper newsletter_form_wrapper' id='gform_wrapper_1' ><form method='post' enctype='multipart\/form-data'  id='gform_1' class='newsletter_form' action='\/es\/wp-json\/wp\/v2\/pages\/1671'>\n                        <div class='gform_body'><ul id='gform_fields_1' class='gform_fields top_label form_sublabel_below description_below'><li id='field_1_2'  class='gfield gfield_contains_required field_sublabel_below field_description_below gfield_visibility_visible' ><label class='gfield_label' for='input_1_2' >Email<span class='gfield_required'>*<\/span><\/label><div class='ginput_container ginput_container_email'>\n                            <input name='input_2' id='input_1_2' type='text' value='' class='medium'    aria-required=\"true\" aria-invalid=\"false\" \/>\n                        <\/div><\/li><li id='field_1_3'  class='gfield gfield_contains_required field_sublabel_above field_description_below hidden_label gfield_visibility_visible' ><label class='gfield_label gfield_label_before_complex'  >Name<span class='gfield_required'>*<\/span><\/label><div class='ginput_complex ginput_container no_prefix has_first_name no_middle_name no_last_name no_suffix gf_name_has_1 ginput_container_name' id='input_1_3'>\n                            \n                            <span id='input_1_3_3_container' class='name_first' >\n                                                    <label for='input_1_3_3' >Nombre y apellidos<\/label>\n                                                    <input type='text' name='input_3.3' id='input_1_3_3' value='' aria-label='Nombre'   aria-required=\"true\" aria-invalid=\"false\" \/>\n                                                <\/span>\n                            \n                            \n                            \n                        <\/div><\/li><li id='field_1_8'  class='gfield half_item gfield_contains_required field_sublabel_above field_description_below hidden_label gfield_visibility_visible' ><label class='gfield_label gfield_label_before_complex'  >Country<span class='gfield_required'>*<\/span><\/label>    \n                    <div class='ginput_complex ginput_container has_country ginput_container_address' id='input_1_8' >\n                        <input type='hidden' class='gform_hidden' name='input_8.4' id='input_1_8_4' value=''\/><span class='ginput_left address_country' id='input_1_8_6_container' >\n                                        <label for='input_1_8_6' id='input_1_8_6_label' >Pa\u00eds<\/label>\n                                        <select name='input_8.6' id='input_1_8_6'   aria-required=\"true\"><option value='' selected='selected'><\/option><option value='Afghanist\u00e1n' >Afghanist\u00e1n<\/option><option value='Albania' >Albania<\/option><option value='Alemania' >Alemania<\/option><option value='Andorra' >Andorra<\/option><option value='Angola' >Angola<\/option><option value='Anguilla' >Anguilla<\/option><option value='Antigua y Barbuda' >Antigua y Barbuda<\/option><option value='Ant\u00e1rtida' >Ant\u00e1rtida<\/option><option value='Arabia Saudita' >Arabia Saudita<\/option><option value='Argelia' >Argelia<\/option><option value='Argentina' >Argentina<\/option><option value='Armenia' >Armenia<\/option><option value='Aruba' >Aruba<\/option><option value='Australia' >Australia<\/option><option value='Austria' >Austria<\/option><option value='Azerbaiy\u00e1n' >Azerbaiy\u00e1n<\/option><option value='Bahamas' >Bahamas<\/option><option value='Bangladesh' >Bangladesh<\/option><option value='Barbados' >Barbados<\/option><option value='Bar\u00e9in' >Bar\u00e9in<\/option><option value='Belice' >Belice<\/option><option value='Benin' >Benin<\/option><option value='Bermuda' >Bermuda<\/option><option value='Bhut\u00e1n' >Bhut\u00e1n<\/option><option value='Bielorusia' >Bielorusia<\/option><option value='Bolivia' >Bolivia<\/option><option value='Bonaire, San Eustaquio y Saba' >Bonaire, San Eustaquio y Saba<\/option><option value='Bosnia y Herzegovina' >Bosnia y Herzegovina<\/option><option value='Botswana' >Botswana<\/option><option value='Brasil' >Brasil<\/option><option value='Brunei Darussalam' >Brunei Darussalam<\/option><option value='Bulgaria' >Bulgaria<\/option><option value='Burkina Faso' >Burkina Faso<\/option><option value='Burundi' >Burundi<\/option><option value='B\u00e9gica' >B\u00e9gica<\/option><option value='Cabo Verde' >Cabo Verde<\/option><option value='Camboya' >Camboya<\/option><option value='Camer\u00fan' >Camer\u00fan<\/option><option value='Canada' >Canada<\/option><option value='Chad' >Chad<\/option><option value='Chile' >Chile<\/option><option value='China' >China<\/option><option value='Chipre' >Chipre<\/option><option value='Colombia' >Colombia<\/option><option value='Comoras' >Comoras<\/option><option value='Congo, Rep\u00fablica Democr\u00e1tica del' >Congo, Rep\u00fablica Democr\u00e1tica del<\/option><option value='Congo, Rep\u00fablica de' >Congo, Rep\u00fablica de<\/option><option value='Corea del Norte' >Corea del Norte<\/option><option value='Corea del Sur' >Corea del Sur<\/option><option value='Costa Rica' >Costa Rica<\/option><option value='Costa de Marfil' >Costa de Marfil<\/option><option value='Croacia' >Croacia<\/option><option value='Cuba' >Cuba<\/option><option value='Curazao' >Curazao<\/option><option value='Dinamarca' >Dinamarca<\/option><option value='Djibouti' >Djibouti<\/option><option value='Dominica' >Dominica<\/option><option value='Ecuador' >Ecuador<\/option><option value='Egipto' >Egipto<\/option><option value='El Salvador' >El Salvador<\/option><option value='Emiratos \u00c1rabes Unidos' >Emiratos \u00c1rabes Unidos<\/option><option value='Eritrea' >Eritrea<\/option><option value='Eslovaquia' >Eslovaquia<\/option><option value='Eslovenia' >Eslovenia<\/option><option value='Espa\u00f1a' >Espa\u00f1a<\/option><option value='Estados Unidos' >Estados Unidos<\/option><option value='Estonia' >Estonia<\/option><option value='Eswatini (Suazilandia)' >Eswatini (Suazilandia)<\/option><option value='Etiop\u00eda' >Etiop\u00eda<\/option><option value='Fiji' >Fiji<\/option><option value='Filipinas' >Filipinas<\/option><option value='Finlancia' >Finlancia<\/option><option value='Francia' >Francia<\/option><option value='Gab\u00f3n' >Gab\u00f3n<\/option><option value='Gambia' >Gambia<\/option><option value='Georgia' >Georgia<\/option><option value='Ghana' >Ghana<\/option><option value='Gibraltar' >Gibraltar<\/option><option value='Granada' >Granada<\/option><option value='Grecia' >Grecia<\/option><option value='Groenlandia' >Groenlandia<\/option><option value='Guadalupe' >Guadalupe<\/option><option value='Guam' >Guam<\/option><option value='Guatemala' >Guatemala<\/option><option value='Guayana' >Guayana<\/option><option value='Guayana Francesa' >Guayana Francesa<\/option><option value='Guernsey' >Guernsey<\/option><option value='Guinea' >Guinea<\/option><option value='Guinea Bissau' >Guinea Bissau<\/option><option value='Guinea Ecuatorial' >Guinea Ecuatorial<\/option><option value='Hait\u00ed' >Hait\u00ed<\/option><option value='Honduras' >Honduras<\/option><option value='Hong Kong' >Hong Kong<\/option><option value='Hungr\u00eda' >Hungr\u00eda<\/option><option value='India' >India<\/option><option value='Indonesia' >Indonesia<\/option><option value='Iraq' >Iraq<\/option><option value='Irlanda' >Irlanda<\/option><option value='Ir\u00e1n' >Ir\u00e1n<\/option><option value='Isla Bouvet' >Isla Bouvet<\/option><option value='Isla Norfolk' >Isla Norfolk<\/option><option value='Isla de Man' >Isla de Man<\/option><option value='Isla de Navidad' >Isla de Navidad<\/option><option value='Islandia' >Islandia<\/option><option value='Islas Caim\u00e1n' >Islas Caim\u00e1n<\/option><option value='Islas Cocos' >Islas Cocos<\/option><option value='Islas Cook' >Islas Cook<\/option><option value='Islas Faroe' >Islas Faroe<\/option><option value='Islas Heard y McDonald' >Islas Heard y McDonald<\/option><option value='Islas Malvinas' >Islas Malvinas<\/option><option value='Islas Marianas del Norte' >Islas Marianas del Norte<\/option><option value='Islas Marshall' >Islas Marshall<\/option><option value='Islas Salom\u00f3n' >Islas Salom\u00f3n<\/option><option value='Islas Turcas y Caicos' >Islas Turcas y Caicos<\/option><option value='Islas Ultramarinas Menores de Estados Unidos' >Islas Ultramarinas Menores de Estados Unidos<\/option><option value='Islas V\u00edrgenes Brit\u00e1nicas' >Islas V\u00edrgenes Brit\u00e1nicas<\/option><option value='Islas V\u00edrgenes de los Estados Unidos' >Islas V\u00edrgenes de los Estados Unidos<\/option><option value='Islas \u00c5land' >Islas \u00c5land<\/option><option value='Israel' >Israel<\/option><option value='Italia' >Italia<\/option><option value='Jamaica' >Jamaica<\/option><option value='Jap\u00f3n' >Jap\u00f3n<\/option><option value='Jersey' >Jersey<\/option><option value='Jord\u00e1n' >Jord\u00e1n<\/option><option value='Kazajist\u00e1n' >Kazajist\u00e1n<\/option><option value='Kenia' >Kenia<\/option><option value='Kirguist\u00e1n' >Kirguist\u00e1n<\/option><option value='Kiribati' >Kiribati<\/option><option value='Kuwait' >Kuwait<\/option><option value='LIbia' >LIbia<\/option><option value='Lesoto' >Lesoto<\/option><option value='Liberia' >Liberia<\/option><option value='Liechtenstein' >Liechtenstein<\/option><option value='Lituania' >Lituania<\/option><option value='Lituania' >Lituania<\/option><option value='Luxemburgo' >Luxemburgo<\/option><option value='L\u00edbano' >L\u00edbano<\/option><option value='Macau' >Macau<\/option><option value='Macedonia' >Macedonia<\/option><option value='Madagascar' >Madagascar<\/option><option value='Malasia' >Malasia<\/option><option value='Malawi' >Malawi<\/option><option value='Maldivas' >Maldivas<\/option><option value='Mali' >Mali<\/option><option value='Malta' >Malta<\/option><option value='Marruecos' >Marruecos<\/option><option value='Martinica' >Martinica<\/option><option value='Mauricio' >Mauricio<\/option><option value='Mauritania' >Mauritania<\/option><option value='Mayotte' >Mayotte<\/option><option value='Micronesia' >Micronesia<\/option><option value='Moldavia' >Moldavia<\/option><option value='Monaco' >Monaco<\/option><option value='Mongolia' >Mongolia<\/option><option value='Montenegro' >Montenegro<\/option><option value='Montserrat' >Montserrat<\/option><option value='Mozambique' >Mozambique<\/option><option value='Myanmar' >Myanmar<\/option><option value='M\u00e9xico' >M\u00e9xico<\/option><option value='Namibia' >Namibia<\/option><option value='Nauru' >Nauru<\/option><option value='Nepal' >Nepal<\/option><option value='Nicaragua' >Nicaragua<\/option><option value='Nigeria' >Nigeria<\/option><option value='Niue' >Niue<\/option><option value='Noruega' >Noruega<\/option><option value='Nueva Caledonia' >Nueva Caledonia<\/option><option value='Nueva Zelanda' >Nueva Zelanda<\/option><option value='N\u00edger' >N\u00edger<\/option><option value='Om\u00e1n' >Om\u00e1n<\/option><option value='Paises Bajos' >Paises Bajos<\/option><option value='Pakist\u00e1n' >Pakist\u00e1n<\/option><option value='Palau' >Palau<\/option><option value='Palestina, Estado de' >Palestina, Estado de<\/option><option value='Panam\u00e1' >Panam\u00e1<\/option><option value='Pap\u00faa Nueva Guinea' >Pap\u00faa Nueva Guinea<\/option><option value='Paraguay' >Paraguay<\/option><option value='Per\u00fa' >Per\u00fa<\/option><option value='Pitcairn' >Pitcairn<\/option><option value='Polinesia Francesa' >Polinesia Francesa<\/option><option value='Polonia' >Polonia<\/option><option value='Portugal' >Portugal<\/option><option value='Puerto Rico' >Puerto Rico<\/option><option value='Qatar' >Qatar<\/option><option value='Reino Unido' >Reino Unido<\/option><option value='Rep\u00fablica Centroafricana' >Rep\u00fablica Centroafricana<\/option><option value='Rep\u00fablica Checa' >Rep\u00fablica Checa<\/option><option value='Rep\u00fablica Democr\u00e1tica Popular de Laos' >Rep\u00fablica Democr\u00e1tica Popular de Laos<\/option><option value='Rep\u00fablica Dominicana' >Rep\u00fablica Dominicana<\/option><option value='Reuni\u00f3n' >Reuni\u00f3n<\/option><option value='Ruanda' >Ruanda<\/option><option value='Ruman\u00eda' >Ruman\u00eda<\/option><option value='Rusia' >Rusia<\/option><option value='Sahara Occidental' >Sahara Occidental<\/option><option value='Samoa' >Samoa<\/option><option value='Samoa Americana' >Samoa Americana<\/option><option value='San Bartolom\u00e9' >San Bartolom\u00e9<\/option><option value='San Crist\u00f3bal y Nieves' >San Crist\u00f3bal y Nieves<\/option><option value='San Marino' >San Marino<\/option><option value='San Mart\u00edn' >San Mart\u00edn<\/option><option value='San Pedro y Miquel\u00f3n' >San Pedro y Miquel\u00f3n<\/option><option value='San Vicente y las Granadinas' >San Vicente y las Granadinas<\/option><option value='Santa Elena' >Santa Elena<\/option><option value='Santa Luc\u00eda' >Santa Luc\u00eda<\/option><option value='Santa Sede' >Santa Sede<\/option><option value='Santo Tom\u00e9 y Principe' >Santo Tom\u00e9 y Principe<\/option><option value='Senegal' >Senegal<\/option><option value='Serbia' >Serbia<\/option><option value='Seychelles' >Seychelles<\/option><option value='Sierra Leona' >Sierra Leona<\/option><option value='Singapur' >Singapur<\/option><option value='Sint Maarten' >Sint Maarten<\/option><option value='Siria' >Siria<\/option><option value='Somalia' >Somalia<\/option><option value='South Georgia' >South Georgia<\/option><option value='Sri Lanka' >Sri Lanka<\/option><option value='Sud\u00e1frica' >Sud\u00e1frica<\/option><option value='Sud\u00e1n' >Sud\u00e1n<\/option><option value='Sud\u00e1n del Sur' >Sud\u00e1n del Sur<\/option><option value='Suecia' >Suecia<\/option><option value='Suiza' >Suiza<\/option><option value='Surinam' >Surinam<\/option><option value='Svalbard y Jan Mayen' >Svalbard y Jan Mayen<\/option><option value='Tailandia' >Tailandia<\/option><option value='Taiwan' >Taiwan<\/option><option value='Tanzania' >Tanzania<\/option><option value='Tayikist\u00e1n' >Tayikist\u00e1n<\/option><option value='Territorio Brit\u00e1nico del Oc\u00e9ano \u00cdndico' >Territorio Brit\u00e1nico del Oc\u00e9ano \u00cdndico<\/option><option value='Tierras Australes y Ant\u00e1rticas Francesas' >Tierras Australes y Ant\u00e1rticas Francesas<\/option><option value='Timor Oriental' >Timor Oriental<\/option><option value='Togo' >Togo<\/option><option value='Tokelau' >Tokelau<\/option><option value='Tonga' >Tonga<\/option><option value='Trinidad y Tobago' >Trinidad y Tobago<\/option><option value='Turkmenist\u00e1n' >Turkmenist\u00e1n<\/option><option value='Turqu\u00eda' >Turqu\u00eda<\/option><option value='Tuvalu' >Tuvalu<\/option><option value='T\u00fanez' >T\u00fanez<\/option><option value='Ucrania' >Ucrania<\/option><option value='Uganda' >Uganda<\/option><option value='Uruguay' >Uruguay<\/option><option value='Uzbekist\u00e1n' >Uzbekist\u00e1n<\/option><option value='Vanuatu' >Vanuatu<\/option><option value='Venezuela' >Venezuela<\/option><option value='Vietnam' >Vietnam<\/option><option value='Wallis y Futuna' >Wallis y Futuna<\/option><option value='Yemen' >Yemen<\/option><option value='Zambia' >Zambia<\/option><option value='Zimbaue' >Zimbaue<\/option><\/select>\n                                    <\/span>\n                    <div class='gf_clear gf_clear_complex'><\/div>\n                <\/div><\/li><li id='field_1_4'  class='gfield half_item gfield_contains_required field_sublabel_below field_description_below gfield_visibility_visible' ><label class='gfield_label' for='input_1_4' >Idioma preferido<span class='gfield_required'>*<\/span><\/label><div class='ginput_container ginput_container_select'><select name='input_4' id='input_1_4' class='medium gfield_select'   aria-required=\"true\" aria-invalid=\"false\"><option value='English' selected='selected'>English<\/option><option value='French' >French<\/option><option value='Italian' >Italian<\/option><option value='Simplified Chinese' >Simplified Chinese<\/option><option value='Japanese' >Japanese<\/option><option value='Czech' >Czech<\/option><option value='Spanish' >Spanish<\/option><option value='Portuguese' >Portuguese<\/option><option value='German' >German<\/option><\/select><\/div><\/li><li id='field_1_11'  class='gfield gfield_contains_required field_sublabel_below field_description_below gfield_visibility_visible' ><label class='gfield_label'  >Consent<span class='gfield_required'>*<\/span><\/label><div class='ginput_container ginput_container_consent'><input name='input_11.1' id='input_1_11_1' type='checkbox' value='1'  aria-describedby='gfield_consent_description_1_11' aria-required=\"true\" aria-invalid=\"false\"   \/> <label class=\"gfield_consent_label\" for='input_1_11_1' >Estoy de acuerdo con la pol\u00edtica de privacidad.<\/label><input type='hidden' name='input_11.2' value='Estoy de acuerdo con la pol\u00edtica de privacidad.' class='gform_hidden' \/><input type='hidden' name='input_11.3' value='2' class='gform_hidden' \/><\/div><div class='gfield_description gfield_consent_description' id='gfield_consent_description_1_11'>Information collected about you is intended for D-EDGE and its IT service providers, in order to process your request. D-EDGE will use your data to share with you its email newsletters to keep you informed on technology and marketing trends and on D-EDGE\u2019s main news and events. In accordance with the Data Protection Act, you have the right to access, correct and delete data about you, as well as the right to object to its processing. For any request, simply write to communication@d-edge.com.<\/div><\/li><li id='field_1_13'  class='gfield field_sublabel_below field_description_below gfield_visibility_visible' ><label class='gfield_label' for='input_1_13' >CAPTCHA<\/label><div id='input_1_13' class='ginput_container ginput_recaptcha' data-sitekey='6LcUi4oUAAAAAKEDoOkPh52b8oTzcPZGZ-KsnBC-'  data-theme='light' data-tabindex='0'  data-badge=''><\/div><\/li>\n                            <\/ul><\/div>\n        <div class='gform_footer top_label'> <input type='submit' id='gform_submit_button_1' class='gform_button button' value='Enviar'  onclick='if(window[\"gf_submitting_1\"]){return false;}  window[\"gf_submitting_1\"]=true;  ' onkeypress='if( event.keyCode == 13 ){ if(window[\"gf_submitting_1\"]){return false;} window[\"gf_submitting_1\"]=true;  jQuery(\"#gform_1\").trigger(\"submit\",[true]); }' \/> \n            <input type='hidden' class='gform_hidden' name='is_submit_1' value='1' \/>\n            <input type='hidden' class='gform_hidden' name='gform_submit' value='1' \/>\n            \n            <input type='hidden' class='gform_hidden' name='gform_unique_id' value='' \/>\n            <input type='hidden' class='gform_hidden' name='state_1' value='WyJ7XCIxMS4xXCI6XCI3ZDc1MjY5MzVjMWNkYTU4NjZmNDg3MTVhYjI4NDg5NlwiLFwiMTEuMlwiOlwiODZmOWMzZGVkZjRiOGNjZDE2M2VlZTcyYjQ5MTMxODRcIixcIjExLjNcIjpcIjdkMzAyZTM4OWUyYTAxN2JmNDQzZGEwYWI4M2QwNGZkXCJ9IiwiNWE3OTY4MjVkOGUzMmVkNTkzNWE5YmRiYTEzZDdkNzAiXQ==' \/>\n            <input type='hidden' class='gform_hidden' name='gform_target_page_number_1' id='gform_target_page_number_1' value='0' \/>\n            <input type='hidden' class='gform_hidden' name='gform_source_page_number_1' id='gform_source_page_number_1' value='1' \/>\n            <input type='hidden' name='gform_field_values' value='' \/>\n            \n        <\/div>\n                        <\/form>\n                        <\/div>\n","protected":false},"excerpt":{"rendered":"<p>Get our latest news and insights<\/p>\n","protected":false},"author":3,"featured_media":0,"parent":0,"menu_order":0,"comment_status":"closed","ping_status":"closed","template":"tpl-newsletter\/tpl-newsletter.php","meta":{"footnotes":""},"class_list":["post-1671","page","type-page","status-publish","hentry"],"_links":{"self":[{"href":"https:\/\/www.d-edge.com\/es\/wp-json\/wp\/v2\/pages\/1671"}],"collection":[{"href":"https:\/\/www.d-edge.com\/es\/wp-json\/wp\/v2\/pages"}],"about":[{"href":"https:\/\/www.d-edge.com\/es\/wp-json\/wp\/v2\/types\/page"}],"author":[{"embeddable":true,"href":"https:\/\/www.d-edge.com\/es\/wp-json\/wp\/v2\/users\/3"}],"replies":[{"embeddable":true,"href":"https:\/\/www.d-edge.com\/es\/wp-json\/wp\/v2\/comments?post=1671"}],"version-history":[{"count":0,"href":"https:\/\/www.d-edge.com\/es\/wp-json\/wp\/v2\/pages\/1671\/revisions"}],"wp:attachment":[{"href":"https:\/\/www.d-edge.com\/es\/wp-json\/wp\/v2\/media?parent=1671"}],"curies":[{"name":"wp","href":"https:\/\/api.w.org\/{rel}","templated":true}]}}