{"id":2222,"date":"2019-04-18T15:28:57","date_gmt":"2019-04-18T14:28:57","guid":{"rendered":"http:\/\/www.d-edge.com\/how-online-hotel-distribution-is-changing-in-europe\/"},"modified":"2019-11-22T16:16:43","modified_gmt":"2019-11-22T15:16:43","slug":"como-esta-cambiando-la-distribucion-hotelera-en-linea","status":"publish","type":"page","link":"https:\/\/www.d-edge.com\/es\/como-esta-cambiando-la-distribucion-hotelera-en-linea\/","title":{"rendered":"C\u00d3MO EST\u00c1 CAMBIANDO LA DISTRIBUCI\u00d3N HOTELERA EN L\u00cdNEA EN EUROPA"},"content":{"rendered":"<p><span style=\"font-weight: 400;\">The hotel distribution landscape is often touted as a duopoly held by Booking and Expedia, but we see it slightly differently. While they do command a sizeable part of the market share, there are actually other channels that hoteliers are leveraging successfully.<\/span><\/p>\n<p><span style=\"font-weight: 400;\">After hundreds of hours analyzing the last five years of hotel distribution across a selection of our client base, we have produced a report to shed some light on how distribution has evolved and, hopefully, give some inspiration to hoteliers to optimizing it.<\/span><\/p>\n<p>&nbsp;<\/p>\n","protected":false},"excerpt":{"rendered":"<p>The hotel distribution landscape is often touted as a duopoly held by Booking and Expedia, but we see it slightly differently. While they do command a sizeable part of the market share, there are actually other channels that hoteliers are leveraging successfully. After hundreds of hours analyzing the last five years of hotel distribution across [&hellip;]<\/p>\n","protected":false},"author":10,"featured_media":0,"parent":0,"menu_order":0,"comment_status":"closed","ping_status":"closed","template":"tpl-builder\/tpl-builder.php","meta":{"footnotes":""},"class_list":["post-2222","page","type-page","status-publish","hentry"],"_links":{"self":[{"href":"https:\/\/www.d-edge.com\/es\/wp-json\/wp\/v2\/pages\/2222"}],"collection":[{"href":"https:\/\/www.d-edge.com\/es\/wp-json\/wp\/v2\/pages"}],"about":[{"href":"https:\/\/www.d-edge.com\/es\/wp-json\/wp\/v2\/types\/page"}],"author":[{"embeddable":true,"href":"https:\/\/www.d-edge.com\/es\/wp-json\/wp\/v2\/users\/10"}],"replies":[{"embeddable":true,"href":"https:\/\/www.d-edge.com\/es\/wp-json\/wp\/v2\/comments?post=2222"}],"version-history":[{"count":0,"href":"https:\/\/www.d-edge.com\/es\/wp-json\/wp\/v2\/pages\/2222\/revisions"}],"wp:attachment":[{"href":"https:\/\/www.d-edge.com\/es\/wp-json\/wp\/v2\/media?parent=2222"}],"curies":[{"name":"wp","href":"https:\/\/api.w.org\/{rel}","templated":true}]}}