{"id":8444,"date":"2020-08-19T12:22:19","date_gmt":"2020-08-19T11:22:19","guid":{"rendered":"https:\/\/www.d-edge.com\/fusion\/"},"modified":"2024-10-25T15:26:22","modified_gmt":"2024-10-25T14:26:22","slug":"fusion","status":"publish","type":"page","link":"https:\/\/www.d-edge.com\/es\/fusion\/","title":{"rendered":"Fusion"},"content":{"rendered":"<p>Los principales operadores de e-commerce han establecido la norma para la compra online. Los viajeros esperan poder reservar una habitaci\u00f3n de hotel de la misma manera que compran en su tienda online favorita. Con Fusion, nuestra oferta de p\u00e1ginas web de \u00faltima generaci\u00f3n, \u00a1eleve la experiencia de reserva online de su hotel y vea c\u00f3mo su tasa de conversi\u00f3n se dispara!<\/p>\n","protected":false},"excerpt":{"rendered":"<p>Los principales operadores de e-commerce han establecido la norma para la compra online. Los viajeros esperan poder reservar una habitaci\u00f3n de hotel de la misma manera que compran en su tienda online favorita. Con Fusion, nuestra oferta de p\u00e1ginas web de \u00faltima generaci\u00f3n, \u00a1eleve la experiencia de reserva online de su hotel y vea c\u00f3mo [&hellip;]<\/p>\n","protected":false},"author":5,"featured_media":0,"parent":0,"menu_order":0,"comment_status":"closed","ping_status":"closed","template":"tpl-builder\/tpl-builder.php","meta":{"footnotes":""},"class_list":["post-8444","page","type-page","status-publish","hentry"],"_links":{"self":[{"href":"https:\/\/www.d-edge.com\/es\/wp-json\/wp\/v2\/pages\/8444"}],"collection":[{"href":"https:\/\/www.d-edge.com\/es\/wp-json\/wp\/v2\/pages"}],"about":[{"href":"https:\/\/www.d-edge.com\/es\/wp-json\/wp\/v2\/types\/page"}],"author":[{"embeddable":true,"href":"https:\/\/www.d-edge.com\/es\/wp-json\/wp\/v2\/users\/5"}],"replies":[{"embeddable":true,"href":"https:\/\/www.d-edge.com\/es\/wp-json\/wp\/v2\/comments?post=8444"}],"version-history":[{"count":0,"href":"https:\/\/www.d-edge.com\/es\/wp-json\/wp\/v2\/pages\/8444\/revisions"}],"wp:attachment":[{"href":"https:\/\/www.d-edge.com\/es\/wp-json\/wp\/v2\/media?parent=8444"}],"curies":[{"name":"wp","href":"https:\/\/api.w.org\/{rel}","templated":true}]}}