{"id":8912,"date":"2021-05-14T16:19:06","date_gmt":"2021-05-14T15:19:06","guid":{"rendered":"https:\/\/www.d-edge.com\/mediagenius\/"},"modified":"2025-02-26T17:37:05","modified_gmt":"2025-02-26T16:37:05","slug":"mediagenius","status":"publish","type":"page","link":"https:\/\/www.d-edge.com\/es\/mediagenius\/","title":{"rendered":"MediaGenius"},"content":{"rendered":"<p>Con MediaGenius, tendr\u00e1 una herramienta multiuso innovadora, creada espec\u00edficamente para las necesidades de los profesionales de la hosteler\u00eda. Con unos cuantos clics, podr\u00e1 crear campa\u00f1as multimedia, controlar su rendimiento, centralizar su presupuesto para digital media, conseguir m\u00e1s beneficios y capacidad de reacci\u00f3n&#8230; y atraer tr\u00e1fico m\u00e1s directo a su p\u00e1gina web.<\/p>\n","protected":false},"excerpt":{"rendered":"<p>Con MediaGenius, tendr\u00e1 una herramienta multiuso innovadora, creada espec\u00edficamente para las necesidades de los profesionales de la hosteler\u00eda. Con unos cuantos clics, podr\u00e1 crear campa\u00f1as multimedia, controlar su rendimiento, centralizar su presupuesto para digital media, conseguir m\u00e1s beneficios y capacidad de reacci\u00f3n&#8230; y atraer tr\u00e1fico m\u00e1s directo a su p\u00e1gina web.<\/p>\n","protected":false},"author":5,"featured_media":0,"parent":0,"menu_order":0,"comment_status":"closed","ping_status":"closed","template":"tpl-builder\/tpl-builder.php","meta":{"footnotes":""},"class_list":["post-8912","page","type-page","status-publish","hentry"],"_links":{"self":[{"href":"https:\/\/www.d-edge.com\/es\/wp-json\/wp\/v2\/pages\/8912"}],"collection":[{"href":"https:\/\/www.d-edge.com\/es\/wp-json\/wp\/v2\/pages"}],"about":[{"href":"https:\/\/www.d-edge.com\/es\/wp-json\/wp\/v2\/types\/page"}],"author":[{"embeddable":true,"href":"https:\/\/www.d-edge.com\/es\/wp-json\/wp\/v2\/users\/5"}],"replies":[{"embeddable":true,"href":"https:\/\/www.d-edge.com\/es\/wp-json\/wp\/v2\/comments?post=8912"}],"version-history":[{"count":0,"href":"https:\/\/www.d-edge.com\/es\/wp-json\/wp\/v2\/pages\/8912\/revisions"}],"wp:attachment":[{"href":"https:\/\/www.d-edge.com\/es\/wp-json\/wp\/v2\/media?parent=8912"}],"curies":[{"name":"wp","href":"https:\/\/api.w.org\/{rel}","templated":true}]}}