{"id":18978,"date":"2024-01-31T16:00:43","date_gmt":"2024-01-31T15:00:43","guid":{"rendered":"https:\/\/www.d-edge.com\/d-agency\/"},"modified":"2025-03-06T14:43:09","modified_gmt":"2025-03-06T13:43:09","slug":"agency","status":"publish","type":"page","link":"https:\/\/www.d-edge.com\/fr\/agency\/","title":{"rendered":"D-EDGE Agency"},"content":{"rendered":"<p><span style=\"font-weight: 400;\">Nous aidons les h\u00f4tels et les groupes h\u00f4teliers \u00e0 am\u00e9liorer la performance de leur strat\u00e9gie digitale.<\/span><\/p>\n","protected":false},"excerpt":{"rendered":"<p>Nous aidons les h\u00f4tels et les groupes h\u00f4teliers \u00e0 am\u00e9liorer la performance de leur strat\u00e9gie digitale.<\/p>\n","protected":false},"author":5,"featured_media":0,"parent":0,"menu_order":0,"comment_status":"closed","ping_status":"closed","template":"tpl-builder\/tpl-builder.php","meta":{"footnotes":""},"class_list":["post-18978","page","type-page","status-publish","hentry"],"_links":{"self":[{"href":"https:\/\/www.d-edge.com\/fr\/wp-json\/wp\/v2\/pages\/18978"}],"collection":[{"href":"https:\/\/www.d-edge.com\/fr\/wp-json\/wp\/v2\/pages"}],"about":[{"href":"https:\/\/www.d-edge.com\/fr\/wp-json\/wp\/v2\/types\/page"}],"author":[{"embeddable":true,"href":"https:\/\/www.d-edge.com\/fr\/wp-json\/wp\/v2\/users\/5"}],"replies":[{"embeddable":true,"href":"https:\/\/www.d-edge.com\/fr\/wp-json\/wp\/v2\/comments?post=18978"}],"version-history":[{"count":0,"href":"https:\/\/www.d-edge.com\/fr\/wp-json\/wp\/v2\/pages\/18978\/revisions"}],"wp:attachment":[{"href":"https:\/\/www.d-edge.com\/fr\/wp-json\/wp\/v2\/media?parent=18978"}],"curies":[{"name":"wp","href":"https:\/\/api.w.org\/{rel}","templated":true}]}}