{"id":2206,"date":"2019-04-18T15:28:57","date_gmt":"2019-04-18T14:28:57","guid":{"rendered":"http:\/\/www.d-edge.com\/how-online-hotel-distribution-is-changing-in-europe\/"},"modified":"2019-11-22T16:12:35","modified_gmt":"2019-11-22T15:12:35","slug":"levolution-de-la-distribution-hoteliere-en-ligne","status":"publish","type":"page","link":"https:\/\/www.d-edge.com\/fr\/levolution-de-la-distribution-hoteliere-en-ligne\/","title":{"rendered":"L&rsquo;\u00c9VOLUTION DE LA DISTRIBUTION H\u00d4TELI\u00c8RE EN LIGNE EN EUROPE"},"content":{"rendered":"<p><span style=\"font-weight: 400;\">Si le paysage de la distribution h\u00f4teli\u00e8re est souvent pr\u00e9sent\u00e9 comme un duopole d\u00e9tenu par Booking et Expedia <\/span><span style=\"font-weight: 400;\">notre point de vue est quelque peu diff\u00e9rent<\/span><span style=\"font-weight: 400;\">Bien qu&rsquo;ils poss\u00e8dent en effet une part importante du march\u00e9<\/span><span style=\"font-weight: 400;\">,\u00a0<\/span><span style=\"font-weight: 400;\"><\/span><span style=\"font-weight: 400;\">il existe n\u00e9anmoins d&rsquo;autres canaux dont les h\u00f4teliers parviennent \u00e0 tirer parti. <\/span><\/p>\n<p><span style=\"font-weight: 400;\"><br \/>\n<\/span><span style=\"font-weight: 400;\">Nous avons pass\u00e9 des centaines d&rsquo;heures \u00e0 analyser la distribution h\u00f4teli\u00e8re des cinq derni\u00e8res ann\u00e9es aupr\u00e8s d&rsquo;une s\u00e9lection de nos clients. R\u00e9sultat\u00a0: notre rapport, qui \u00e9claire l&rsquo;\u00e9volution de la distribution et, nous l&rsquo;esp\u00e9rons, qui inspirera les h\u00f4teliers \u00e0 optimiser celle-ci.<\/span><\/p>\n<p>&nbsp;<\/p>\n","protected":false},"excerpt":{"rendered":"<p>Si le paysage de la distribution h\u00f4teli\u00e8re est souvent pr\u00e9sent\u00e9 comme un duopole d\u00e9tenu par Booking et Expedia notre point de vue est quelque peu diff\u00e9rentBien qu&rsquo;ils poss\u00e8dent en effet une part importante du march\u00e9,\u00a0il existe n\u00e9anmoins d&rsquo;autres canaux dont les h\u00f4teliers parviennent \u00e0 tirer parti. Nous avons pass\u00e9 des centaines d&rsquo;heures \u00e0 analyser la [&hellip;]<\/p>\n","protected":false},"author":10,"featured_media":0,"parent":0,"menu_order":0,"comment_status":"closed","ping_status":"closed","template":"tpl-builder\/tpl-builder.php","meta":{"footnotes":""},"class_list":["post-2206","page","type-page","status-publish","hentry"],"_links":{"self":[{"href":"https:\/\/www.d-edge.com\/fr\/wp-json\/wp\/v2\/pages\/2206"}],"collection":[{"href":"https:\/\/www.d-edge.com\/fr\/wp-json\/wp\/v2\/pages"}],"about":[{"href":"https:\/\/www.d-edge.com\/fr\/wp-json\/wp\/v2\/types\/page"}],"author":[{"embeddable":true,"href":"https:\/\/www.d-edge.com\/fr\/wp-json\/wp\/v2\/users\/10"}],"replies":[{"embeddable":true,"href":"https:\/\/www.d-edge.com\/fr\/wp-json\/wp\/v2\/comments?post=2206"}],"version-history":[{"count":0,"href":"https:\/\/www.d-edge.com\/fr\/wp-json\/wp\/v2\/pages\/2206\/revisions"}],"wp:attachment":[{"href":"https:\/\/www.d-edge.com\/fr\/wp-json\/wp\/v2\/media?parent=2206"}],"curies":[{"name":"wp","href":"https:\/\/api.w.org\/{rel}","templated":true}]}}