{"id":24445,"date":"2025-09-03T21:45:18","date_gmt":"2025-09-03T20:45:18","guid":{"rendered":"https:\/\/www.d-edge.com\/?page_id=24445"},"modified":"2025-09-08T11:43:36","modified_gmt":"2025-09-08T10:43:36","slug":"2026-consortia-tmc-guide","status":"publish","type":"page","link":"https:\/\/www.d-edge.com\/fr\/2026-consortia-tmc-guide\/","title":{"rendered":"Le guide complet de l&rsquo;h\u00f4telier pour r\u00e9ussir la saison des consortias 2026"},"content":{"rendered":"<p style=\"text-align: center;\">Pr\u00eat \u00e0 faire de 2026 votre meilleure ann\u00e9e ? Dans ce guide, vous d\u00e9couvrirez les principaux programmes de consortias et de soci\u00e9t\u00e9s de gestion de voyages (TMC) disponibles, ce qu&rsquo;ils offrent et comment ils peuvent b\u00e9n\u00e9ficier \u00e0 votre propri\u00e9t\u00e9 par le biais du GDS.<\/p>\n","protected":false},"excerpt":{"rendered":"<p>Pr\u00eat \u00e0 faire de 2026 votre meilleure ann\u00e9e ? Dans ce guide, vous d\u00e9couvrirez les principaux programmes de consortias et de soci\u00e9t\u00e9s de gestion de voyages (TMC) disponibles, ce qu&rsquo;ils offrent et comment ils peuvent b\u00e9n\u00e9ficier \u00e0 votre propri\u00e9t\u00e9 par le biais du GDS.<\/p>\n","protected":false},"author":5,"featured_media":24275,"parent":0,"menu_order":0,"comment_status":"closed","ping_status":"closed","template":"tpl-builder\/tpl-builder.php","meta":{"footnotes":""},"class_list":["post-24445","page","type-page","status-publish","has-post-thumbnail","hentry"],"_links":{"self":[{"href":"https:\/\/www.d-edge.com\/fr\/wp-json\/wp\/v2\/pages\/24445"}],"collection":[{"href":"https:\/\/www.d-edge.com\/fr\/wp-json\/wp\/v2\/pages"}],"about":[{"href":"https:\/\/www.d-edge.com\/fr\/wp-json\/wp\/v2\/types\/page"}],"author":[{"embeddable":true,"href":"https:\/\/www.d-edge.com\/fr\/wp-json\/wp\/v2\/users\/5"}],"replies":[{"embeddable":true,"href":"https:\/\/www.d-edge.com\/fr\/wp-json\/wp\/v2\/comments?post=24445"}],"version-history":[{"count":0,"href":"https:\/\/www.d-edge.com\/fr\/wp-json\/wp\/v2\/pages\/24445\/revisions"}],"wp:featuredmedia":[{"embeddable":true,"href":"https:\/\/www.d-edge.com\/fr\/wp-json\/wp\/v2\/media\/24275"}],"wp:attachment":[{"href":"https:\/\/www.d-edge.com\/fr\/wp-json\/wp\/v2\/media?parent=24445"}],"curies":[{"name":"wp","href":"https:\/\/api.w.org\/{rel}","templated":true}]}}