{"id":3573,"date":"2019-09-10T14:40:25","date_gmt":"2019-09-10T13:40:25","guid":{"rendered":"http:\/\/www.d-edge.com\/webinars\/"},"modified":"2019-11-22T15:44:19","modified_gmt":"2019-11-22T14:44:19","slug":"webinaires","status":"publish","type":"page","link":"https:\/\/www.d-edge.com\/fr\/webinaires\/","title":{"rendered":"Webinaires"},"content":{"rendered":"<p>D-EDGE propose des webinaires gratuits sur des sujets qui int\u00e9ressent les professionnels de l&rsquo;h\u00f4tellerie. Vous pouvez en savoir plus sur des th\u00e8mes qui vous sont chers en moins d&rsquo;une heure. Nos experts vous conseilleront et r\u00e9pondront \u00e0 toutes vos questions.<\/p>\n","protected":false},"excerpt":{"rendered":"<p>D-EDGE propose des webinaires gratuits sur des sujets qui int\u00e9ressent les professionnels de l&rsquo;h\u00f4tellerie. Vous pouvez en savoir plus sur des th\u00e8mes qui vous sont chers en moins d&rsquo;une heure. Nos experts vous conseilleront et r\u00e9pondront \u00e0 toutes vos questions.<\/p>\n","protected":false},"author":5,"featured_media":3462,"parent":0,"menu_order":0,"comment_status":"closed","ping_status":"closed","template":"tpl-list-webinar\/tpl-list-webinar.php","meta":{"footnotes":""},"class_list":["post-3573","page","type-page","status-publish","has-post-thumbnail","hentry"],"_links":{"self":[{"href":"https:\/\/www.d-edge.com\/fr\/wp-json\/wp\/v2\/pages\/3573"}],"collection":[{"href":"https:\/\/www.d-edge.com\/fr\/wp-json\/wp\/v2\/pages"}],"about":[{"href":"https:\/\/www.d-edge.com\/fr\/wp-json\/wp\/v2\/types\/page"}],"author":[{"embeddable":true,"href":"https:\/\/www.d-edge.com\/fr\/wp-json\/wp\/v2\/users\/5"}],"replies":[{"embeddable":true,"href":"https:\/\/www.d-edge.com\/fr\/wp-json\/wp\/v2\/comments?post=3573"}],"version-history":[{"count":0,"href":"https:\/\/www.d-edge.com\/fr\/wp-json\/wp\/v2\/pages\/3573\/revisions"}],"wp:featuredmedia":[{"embeddable":true,"href":"https:\/\/www.d-edge.com\/fr\/wp-json\/wp\/v2\/media\/3462"}],"wp:attachment":[{"href":"https:\/\/www.d-edge.com\/fr\/wp-json\/wp\/v2\/media?parent=3573"}],"curies":[{"name":"wp","href":"https:\/\/api.w.org\/{rel}","templated":true}]}}