{"id":406,"date":"2019-01-31T10:22:33","date_gmt":"2019-01-31T10:22:33","guid":{"rendered":"http:\/\/dedgecorporate.wpengine.com\/?page_id=406"},"modified":"2023-03-27T10:51:23","modified_gmt":"2023-03-27T09:51:23","slug":"nos-bureaux","status":"publish","type":"page","link":"https:\/\/www.d-edge.com\/fr\/nos-bureaux\/","title":{"rendered":"Nos bureaux"},"content":{"rendered":"<p>Gr\u00e2ce \u00e0 une pr\u00e9sence locale tr\u00e8s forte, nous servons nos 17 000 clients situ\u00e9s dans plus de 150 pays et leur fournissons les outils et l&rsquo;assistance les plus localis\u00e9s.<\/p>\n","protected":false},"excerpt":{"rendered":"<p>Gr\u00e2ce \u00e0 une pr\u00e9sence locale tr\u00e8s forte, nous servons nos 17 000 clients situ\u00e9s dans plus de 150 pays et leur fournissons les outils et l&rsquo;assistance les plus localis\u00e9s.<\/p>\n","protected":false},"author":3,"featured_media":0,"parent":0,"menu_order":0,"comment_status":"closed","ping_status":"closed","template":"tpl-our-offices\/tpl-our-offices.php","meta":{"footnotes":""},"class_list":["post-406","page","type-page","status-publish","hentry"],"_links":{"self":[{"href":"https:\/\/www.d-edge.com\/fr\/wp-json\/wp\/v2\/pages\/406"}],"collection":[{"href":"https:\/\/www.d-edge.com\/fr\/wp-json\/wp\/v2\/pages"}],"about":[{"href":"https:\/\/www.d-edge.com\/fr\/wp-json\/wp\/v2\/types\/page"}],"author":[{"embeddable":true,"href":"https:\/\/www.d-edge.com\/fr\/wp-json\/wp\/v2\/users\/3"}],"replies":[{"embeddable":true,"href":"https:\/\/www.d-edge.com\/fr\/wp-json\/wp\/v2\/comments?post=406"}],"version-history":[{"count":0,"href":"https:\/\/www.d-edge.com\/fr\/wp-json\/wp\/v2\/pages\/406\/revisions"}],"wp:attachment":[{"href":"https:\/\/www.d-edge.com\/fr\/wp-json\/wp\/v2\/media?parent=406"}],"curies":[{"name":"wp","href":"https:\/\/api.w.org\/{rel}","templated":true}]}}