{"id":8506,"date":"2020-08-19T12:22:19","date_gmt":"2020-08-19T11:22:19","guid":{"rendered":"https:\/\/www.d-edge.com\/fusion\/"},"modified":"2025-02-26T17:42:49","modified_gmt":"2025-02-26T16:42:49","slug":"fusion","status":"publish","type":"page","link":"https:\/\/www.d-edge.com\/fr\/fusion\/","title":{"rendered":"Fusion"},"content":{"rendered":"<p>Les principaux acteurs du e-commerce d\u00e9finissent la norme en mati\u00e8re d&rsquo;achats en ligne. Les voyageurs s&rsquo;attendent \u00e0 pouvoir faire leurs achats de chambres d&rsquo;h\u00f4tel comme ils le font sur leur boutique en ligne pr\u00e9f\u00e9r\u00e9e. Gr\u00e2ce \u00e0 Fusion, notre gamme de sites web nouvelle g\u00e9n\u00e9ration, am\u00e9liorez l&rsquo;exp\u00e9rience de r\u00e9servation en ligne de votre h\u00f4tel et regardez votre taux de conversion monter en fl\u00e8che\u202f!<\/p>\n","protected":false},"excerpt":{"rendered":"<p>Les principaux acteurs du e-commerce d\u00e9finissent la norme en mati\u00e8re d&rsquo;achats en ligne. Les voyageurs s&rsquo;attendent \u00e0 pouvoir faire leurs achats de chambres d&rsquo;h\u00f4tel comme ils le font sur leur boutique en ligne pr\u00e9f\u00e9r\u00e9e. Gr\u00e2ce \u00e0 Fusion, notre gamme de sites web nouvelle g\u00e9n\u00e9ration, am\u00e9liorez l&rsquo;exp\u00e9rience de r\u00e9servation en ligne de votre h\u00f4tel et regardez [&hellip;]<\/p>\n","protected":false},"author":5,"featured_media":0,"parent":0,"menu_order":0,"comment_status":"closed","ping_status":"closed","template":"tpl-builder\/tpl-builder.php","meta":{"footnotes":""},"class_list":["post-8506","page","type-page","status-publish","hentry"],"_links":{"self":[{"href":"https:\/\/www.d-edge.com\/fr\/wp-json\/wp\/v2\/pages\/8506"}],"collection":[{"href":"https:\/\/www.d-edge.com\/fr\/wp-json\/wp\/v2\/pages"}],"about":[{"href":"https:\/\/www.d-edge.com\/fr\/wp-json\/wp\/v2\/types\/page"}],"author":[{"embeddable":true,"href":"https:\/\/www.d-edge.com\/fr\/wp-json\/wp\/v2\/users\/5"}],"replies":[{"embeddable":true,"href":"https:\/\/www.d-edge.com\/fr\/wp-json\/wp\/v2\/comments?post=8506"}],"version-history":[{"count":0,"href":"https:\/\/www.d-edge.com\/fr\/wp-json\/wp\/v2\/pages\/8506\/revisions"}],"wp:attachment":[{"href":"https:\/\/www.d-edge.com\/fr\/wp-json\/wp\/v2\/media?parent=8506"}],"curies":[{"name":"wp","href":"https:\/\/api.w.org\/{rel}","templated":true}]}}