{"id":9105,"date":"2021-05-21T15:27:47","date_gmt":"2021-05-21T14:27:47","guid":{"rendered":"https:\/\/www.d-edge.com\/mediagenius\/"},"modified":"2025-02-26T17:29:54","modified_gmt":"2025-02-26T16:29:54","slug":"mediagenius","status":"publish","type":"page","link":"https:\/\/www.d-edge.com\/fr\/mediagenius\/","title":{"rendered":"MediaGenius"},"content":{"rendered":"<p>Avec MediaGenius, vous disposez d&rsquo;un outil tout-en-un innovant cr\u00e9\u00e9 sp\u00e9cialement pour les besoins des professionnels de l&rsquo;h\u00f4tellerie. En quelques clics, vous pouvez mettre en place des campagnes multisupport, suivre vos r\u00e9sultats, centraliser votre budget de communication num\u00e9rique, gagner en rentabilit\u00e9 et en r\u00e9activit\u00e9&#8230; et augmenter la fr\u00e9quentation directe de votre site Internet.<\/p>\n","protected":false},"excerpt":{"rendered":"<p>Avec MediaGenius, vous disposez d&rsquo;un outil tout-en-un innovant cr\u00e9\u00e9 sp\u00e9cialement pour les besoins des professionnels de l&rsquo;h\u00f4tellerie. En quelques clics, vous pouvez mettre en place des campagnes multisupport, suivre vos r\u00e9sultats, centraliser votre budget de communication num\u00e9rique, gagner en rentabilit\u00e9 et en r\u00e9activit\u00e9&#8230; et augmenter la fr\u00e9quentation directe de votre site Internet.<\/p>\n","protected":false},"author":5,"featured_media":0,"parent":0,"menu_order":0,"comment_status":"closed","ping_status":"closed","template":"tpl-builder\/tpl-builder.php","meta":{"footnotes":""},"class_list":["post-9105","page","type-page","status-publish","hentry"],"_links":{"self":[{"href":"https:\/\/www.d-edge.com\/fr\/wp-json\/wp\/v2\/pages\/9105"}],"collection":[{"href":"https:\/\/www.d-edge.com\/fr\/wp-json\/wp\/v2\/pages"}],"about":[{"href":"https:\/\/www.d-edge.com\/fr\/wp-json\/wp\/v2\/types\/page"}],"author":[{"embeddable":true,"href":"https:\/\/www.d-edge.com\/fr\/wp-json\/wp\/v2\/users\/5"}],"replies":[{"embeddable":true,"href":"https:\/\/www.d-edge.com\/fr\/wp-json\/wp\/v2\/comments?post=9105"}],"version-history":[{"count":0,"href":"https:\/\/www.d-edge.com\/fr\/wp-json\/wp\/v2\/pages\/9105\/revisions"}],"wp:attachment":[{"href":"https:\/\/www.d-edge.com\/fr\/wp-json\/wp\/v2\/media?parent=9105"}],"curies":[{"name":"wp","href":"https:\/\/api.w.org\/{rel}","templated":true}]}}