{"id":2228,"date":"2019-04-18T15:28:57","date_gmt":"2019-04-18T14:28:57","guid":{"rendered":"http:\/\/www.d-edge.com\/how-online-hotel-distribution-is-changing-in-europe\/"},"modified":"2019-11-22T16:12:14","modified_gmt":"2019-11-22T15:12:14","slug":"come-cambia-la-distribuzione-online-della-disponibilita-alberghiera","status":"publish","type":"page","link":"https:\/\/www.d-edge.com\/it\/come-cambia-la-distribuzione-online-della-disponibilita-alberghiera\/","title":{"rendered":"COME CAMBIA LA DISTRIBUZIONE ONLINE DELLA DISPONIBILIT\u00c0 ALBERGHIERA IN EUROPA"},"content":{"rendered":"<p><span style=\"font-weight: 400;\">Il panorama della distribuzione della disponibilit\u00e0 alberghiera \u00e8 spesso pubblicizzato come un duopolio di Booking ed Expedia, anche se noi la vediamo in modo leggermente diverso. Bench\u00e9 essi detengano una fetta considerevole della quota di mercato, esistono tuttavia altri canali che gli albergatori utilizzano con successo.<br \/>\n<\/span><\/p>\n<p><span style=\"font-weight: 400;\"><br \/>\nDopo centinaia di ore passate ad analizzare gli ultimi cinque anni della distribuzione della disponibilit\u00e0 alberghiera con un database di clienti selezionati, abbiamo prodotto una relazione per illustrare le modalit\u00e0 di evoluzione della distribuzione e, auspicabilmente, per essere di ispirazione per gli albergatori su come ottimizzarla.<br \/>\n<\/span><\/p>\n<p>&nbsp;<\/p>\n","protected":false},"excerpt":{"rendered":"<p>Il panorama della distribuzione della disponibilit\u00e0 alberghiera \u00e8 spesso pubblicizzato come un duopolio di Booking ed Expedia, anche se noi la vediamo in modo leggermente diverso. Bench\u00e9 essi detengano una fetta considerevole della quota di mercato, esistono tuttavia altri canali che gli albergatori utilizzano con successo. Dopo centinaia di ore passate ad analizzare gli ultimi [&hellip;]<\/p>\n","protected":false},"author":10,"featured_media":0,"parent":0,"menu_order":0,"comment_status":"closed","ping_status":"closed","template":"tpl-builder\/tpl-builder.php","meta":{"footnotes":""},"class_list":["post-2228","page","type-page","status-publish","hentry"],"_links":{"self":[{"href":"https:\/\/www.d-edge.com\/it\/wp-json\/wp\/v2\/pages\/2228"}],"collection":[{"href":"https:\/\/www.d-edge.com\/it\/wp-json\/wp\/v2\/pages"}],"about":[{"href":"https:\/\/www.d-edge.com\/it\/wp-json\/wp\/v2\/types\/page"}],"author":[{"embeddable":true,"href":"https:\/\/www.d-edge.com\/it\/wp-json\/wp\/v2\/users\/10"}],"replies":[{"embeddable":true,"href":"https:\/\/www.d-edge.com\/it\/wp-json\/wp\/v2\/comments?post=2228"}],"version-history":[{"count":0,"href":"https:\/\/www.d-edge.com\/it\/wp-json\/wp\/v2\/pages\/2228\/revisions"}],"wp:attachment":[{"href":"https:\/\/www.d-edge.com\/it\/wp-json\/wp\/v2\/media?parent=2228"}],"curies":[{"name":"wp","href":"https:\/\/api.w.org\/{rel}","templated":true}]}}