{"id":8914,"date":"2021-05-14T16:19:17","date_gmt":"2021-05-14T15:19:17","guid":{"rendered":"https:\/\/www.d-edge.com\/mediagenius\/"},"modified":"2025-02-26T17:31:46","modified_gmt":"2025-02-26T16:31:46","slug":"mediagenius","status":"publish","type":"page","link":"https:\/\/www.d-edge.com\/it\/mediagenius\/","title":{"rendered":"MediaGenius"},"content":{"rendered":"<p>Con MediaGenius, ottieni uno strumento integrato innovativo, creato appositamente per le esigenze dei professionisti dell&#8217;ospitalit\u00e0. Con pochi clic, puoi creare campagne multimediali, monitorare le tue prestazioni, centralizzare il budget per i media digitali, ottenere pi\u00f9 redditivit\u00e0 e reattivit\u00e0 &#8230; e attirare pi\u00f9 traffico diretto al tuo sito web.<\/p>\n","protected":false},"excerpt":{"rendered":"<p>Con MediaGenius, ottieni uno strumento integrato innovativo, creato appositamente per le esigenze dei professionisti dell&#8217;ospitalit\u00e0. Con pochi clic, puoi creare campagne multimediali, monitorare le tue prestazioni, centralizzare il budget per i media digitali, ottenere pi\u00f9 redditivit\u00e0 e reattivit\u00e0 &#8230; e attirare pi\u00f9 traffico diretto al tuo sito web.<\/p>\n","protected":false},"author":5,"featured_media":0,"parent":0,"menu_order":0,"comment_status":"closed","ping_status":"closed","template":"tpl-builder\/tpl-builder.php","meta":{"footnotes":""},"class_list":["post-8914","page","type-page","status-publish","hentry"],"_links":{"self":[{"href":"https:\/\/www.d-edge.com\/it\/wp-json\/wp\/v2\/pages\/8914"}],"collection":[{"href":"https:\/\/www.d-edge.com\/it\/wp-json\/wp\/v2\/pages"}],"about":[{"href":"https:\/\/www.d-edge.com\/it\/wp-json\/wp\/v2\/types\/page"}],"author":[{"embeddable":true,"href":"https:\/\/www.d-edge.com\/it\/wp-json\/wp\/v2\/users\/5"}],"replies":[{"embeddable":true,"href":"https:\/\/www.d-edge.com\/it\/wp-json\/wp\/v2\/comments?post=8914"}],"version-history":[{"count":0,"href":"https:\/\/www.d-edge.com\/it\/wp-json\/wp\/v2\/pages\/8914\/revisions"}],"wp:attachment":[{"href":"https:\/\/www.d-edge.com\/it\/wp-json\/wp\/v2\/media?parent=8914"}],"curies":[{"name":"wp","href":"https:\/\/api.w.org\/{rel}","templated":true}]}}