{"id":1823,"date":"2019-01-21T16:20:52","date_gmt":"2019-01-21T16:20:52","guid":{"rendered":"http:\/\/www.d-edge.com\/connected-partners\/"},"modified":"2022-03-21T17:49:27","modified_gmt":"2022-03-21T16:49:27","slug":"parceiros-associados","status":"publish","type":"page","link":"https:\/\/www.d-edge.com\/pt-pt\/parceiros-associados\/","title":{"rendered":"PARCEIROS ASSOCIADOS"},"content":{"rendered":"<p>Na D-EDGE, acreditamos que os hoteleiros devem ter \u00e0 sua disposi\u00e7\u00e3o o maior n\u00famero de novas tecnologias e servi\u00e7os para maximizar a sua receita.<\/p>\n<p>\u00c9 por isso que trabalhamos para um vasto e conectado ecossistema de hot\u00e9is. A nossa rede de parceiros de conectividade est\u00e1 a crescer a cada dia que passa.<\/p>\n","protected":false},"excerpt":{"rendered":"<p>Na D-EDGE, acreditamos que os hoteleiros devem ter \u00e0 sua disposi\u00e7\u00e3o o maior n\u00famero de novas tecnologias e servi\u00e7os para maximizar a sua receita. \u00c9 por isso que trabalhamos para um vasto e conectado ecossistema de hot\u00e9is. A nossa rede de parceiros de conectividade est\u00e1 a crescer a cada dia que passa.<\/p>\n","protected":false},"author":3,"featured_media":0,"parent":0,"menu_order":0,"comment_status":"closed","ping_status":"closed","template":"tpl-partner-list\/tpl-partner-list.php","meta":{"footnotes":""},"class_list":["post-1823","page","type-page","status-publish","hentry"],"_links":{"self":[{"href":"https:\/\/www.d-edge.com\/pt-pt\/wp-json\/wp\/v2\/pages\/1823"}],"collection":[{"href":"https:\/\/www.d-edge.com\/pt-pt\/wp-json\/wp\/v2\/pages"}],"about":[{"href":"https:\/\/www.d-edge.com\/pt-pt\/wp-json\/wp\/v2\/types\/page"}],"author":[{"embeddable":true,"href":"https:\/\/www.d-edge.com\/pt-pt\/wp-json\/wp\/v2\/users\/3"}],"replies":[{"embeddable":true,"href":"https:\/\/www.d-edge.com\/pt-pt\/wp-json\/wp\/v2\/comments?post=1823"}],"version-history":[{"count":0,"href":"https:\/\/www.d-edge.com\/pt-pt\/wp-json\/wp\/v2\/pages\/1823\/revisions"}],"wp:attachment":[{"href":"https:\/\/www.d-edge.com\/pt-pt\/wp-json\/wp\/v2\/media?parent=1823"}],"curies":[{"name":"wp","href":"https:\/\/api.w.org\/{rel}","templated":true}]}}