{"id":24493,"date":"2025-09-03T21:46:07","date_gmt":"2025-09-03T20:46:07","guid":{"rendered":"https:\/\/www.d-edge.com\/?page_id=24493"},"modified":"2025-09-08T11:45:05","modified_gmt":"2025-09-08T10:45:05","slug":"2026-consorcios-tmc-guia","status":"publish","type":"page","link":"https:\/\/www.d-edge.com\/pt-pt\/2026-consorcios-tmc-guia\/","title":{"rendered":"O guia completo do hoteleiro para ter sucesso na \u00e9poca de cons\u00f3rcios de 2026"},"content":{"rendered":"<p style=\"text-align: center;\">Pronto para fazer de 2026 o seu ano mais forte? Neste guia, ir\u00e1 descobrir os principais programas de Cons\u00f3rcios e de Travel Management Company (TMC) dispon\u00edveis, o que oferecem e como podem beneficiar a sua propriedade atrav\u00e9s do GDS.<\/p>\n<p>&nbsp;<\/p>\n","protected":false},"excerpt":{"rendered":"<p>Pronto para fazer de 2026 o seu ano mais forte? Neste guia, ir\u00e1 descobrir os principais programas de Cons\u00f3rcios e de Travel Management Company (TMC) dispon\u00edveis, o que oferecem e como podem beneficiar a sua propriedade atrav\u00e9s do GDS. &nbsp;<\/p>\n","protected":false},"author":5,"featured_media":24279,"parent":0,"menu_order":0,"comment_status":"closed","ping_status":"closed","template":"tpl-builder\/tpl-builder.php","meta":{"footnotes":""},"class_list":["post-24493","page","type-page","status-publish","has-post-thumbnail","hentry"],"_links":{"self":[{"href":"https:\/\/www.d-edge.com\/pt-pt\/wp-json\/wp\/v2\/pages\/24493"}],"collection":[{"href":"https:\/\/www.d-edge.com\/pt-pt\/wp-json\/wp\/v2\/pages"}],"about":[{"href":"https:\/\/www.d-edge.com\/pt-pt\/wp-json\/wp\/v2\/types\/page"}],"author":[{"embeddable":true,"href":"https:\/\/www.d-edge.com\/pt-pt\/wp-json\/wp\/v2\/users\/5"}],"replies":[{"embeddable":true,"href":"https:\/\/www.d-edge.com\/pt-pt\/wp-json\/wp\/v2\/comments?post=24493"}],"version-history":[{"count":0,"href":"https:\/\/www.d-edge.com\/pt-pt\/wp-json\/wp\/v2\/pages\/24493\/revisions"}],"wp:featuredmedia":[{"embeddable":true,"href":"https:\/\/www.d-edge.com\/pt-pt\/wp-json\/wp\/v2\/media\/24279"}],"wp:attachment":[{"href":"https:\/\/www.d-edge.com\/pt-pt\/wp-json\/wp\/v2\/media?parent=24493"}],"curies":[{"name":"wp","href":"https:\/\/api.w.org\/{rel}","templated":true}]}}