{"id":9104,"date":"2021-05-21T15:27:27","date_gmt":"2021-05-21T14:27:27","guid":{"rendered":"https:\/\/www.d-edge.com\/mediagenius\/"},"modified":"2025-02-26T17:35:23","modified_gmt":"2025-02-26T16:35:23","slug":"mediagenius","status":"publish","type":"page","link":"https:\/\/www.d-edge.com\/pt-pt\/mediagenius\/","title":{"rendered":"MediaGenius"},"content":{"rendered":"<p>Ao adquirir o MediaGenius est\u00e1 a obter uma ferramenta multifun\u00e7\u00f5es inovadora, especificamente criada para as necessidades dos profissionais de acolhimento. \u00c0 dist\u00e2ncia de alguns cliques, pode criar campanhas marketing, monitorizar os seus desempenhos, centralizar o seu or\u00e7amento de marketing digital, obter mais rentabilidade e ter mais rea\u00e7\u00f5es&#8230; al\u00e9m de atrair mais tr\u00e1fego direto para o seu site.<\/p>\n","protected":false},"excerpt":{"rendered":"<p>Ao adquirir o MediaGenius est\u00e1 a obter uma ferramenta multifun\u00e7\u00f5es inovadora, especificamente criada para as necessidades dos profissionais de acolhimento. \u00c0 dist\u00e2ncia de alguns cliques, pode criar campanhas marketing, monitorizar os seus desempenhos, centralizar o seu or\u00e7amento de marketing digital, obter mais rentabilidade e ter mais rea\u00e7\u00f5es&#8230; al\u00e9m de atrair mais tr\u00e1fego direto para o [&hellip;]<\/p>\n","protected":false},"author":5,"featured_media":0,"parent":0,"menu_order":0,"comment_status":"closed","ping_status":"closed","template":"tpl-builder\/tpl-builder.php","meta":{"footnotes":""},"class_list":["post-9104","page","type-page","status-publish","hentry"],"_links":{"self":[{"href":"https:\/\/www.d-edge.com\/pt-pt\/wp-json\/wp\/v2\/pages\/9104"}],"collection":[{"href":"https:\/\/www.d-edge.com\/pt-pt\/wp-json\/wp\/v2\/pages"}],"about":[{"href":"https:\/\/www.d-edge.com\/pt-pt\/wp-json\/wp\/v2\/types\/page"}],"author":[{"embeddable":true,"href":"https:\/\/www.d-edge.com\/pt-pt\/wp-json\/wp\/v2\/users\/5"}],"replies":[{"embeddable":true,"href":"https:\/\/www.d-edge.com\/pt-pt\/wp-json\/wp\/v2\/comments?post=9104"}],"version-history":[{"count":0,"href":"https:\/\/www.d-edge.com\/pt-pt\/wp-json\/wp\/v2\/pages\/9104\/revisions"}],"wp:attachment":[{"href":"https:\/\/www.d-edge.com\/pt-pt\/wp-json\/wp\/v2\/media?parent=9104"}],"curies":[{"name":"wp","href":"https:\/\/api.w.org\/{rel}","templated":true}]}}